{"id":13072,"date":"2021-04-20T16:59:49","date_gmt":"2021-04-20T15:59:49","guid":{"rendered":"https:\/\/palavras27.oeiras.pt\/?page_id=13072"},"modified":"2022-06-17T09:19:48","modified_gmt":"2022-06-17T08:19:48","slug":"ler-olhos-nos-olhos-2020","status":"publish","type":"page","link":"https:\/\/palavras27.oeiras.pt\/?page_id=13072","title":{"rendered":"Ler Olhos nos Olhos 2020"},"content":{"rendered":"\t\t<div data-elementor-type=\"wp-page\" data-elementor-id=\"13072\" class=\"elementor elementor-13072\">\n\t\t\t\t\t\t<section class=\"elementor-section elementor-top-section elementor-element elementor-element-3519033f elementor-section-full_width elementor-section-content-middle elementor-section-height-default elementor-section-height-default jltma-glass-effect-no\" data-id=\"3519033f\" data-element_type=\"section\" data-settings=\"{&quot;background_background&quot;:&quot;classic&quot;}\">\n\t\t\t\t\t\t<div class=\"elementor-container elementor-column-gap-default\">\n\t\t\t\t\t<div class=\"elementor-column elementor-col-100 elementor-top-column elementor-element elementor-element-69eb108 jltma-glass-effect-no\" data-id=\"69eb108\" data-element_type=\"column\" data-settings=\"{&quot;background_background&quot;:&quot;classic&quot;}\">\n\t\t\t<div class=\"elementor-widget-wrap elementor-element-populated\">\n\t\t\t\t\t\t<section class=\"elementor-section elementor-inner-section elementor-element elementor-element-1693e0f5 elementor-section-full_width elementor-section-height-default elementor-section-height-default jltma-glass-effect-no\" data-id=\"1693e0f5\" data-element_type=\"section\" data-settings=\"{&quot;background_background&quot;:&quot;classic&quot;}\">\n\t\t\t\t\t\t<div class=\"elementor-container elementor-column-gap-default\">\n\t\t\t\t\t<div class=\"elementor-column elementor-col-50 elementor-inner-column elementor-element elementor-element-7fe0c171 jltma-glass-effect-no\" data-id=\"7fe0c171\" data-element_type=\"column\" data-settings=\"{&quot;background_background&quot;:&quot;classic&quot;}\">\n\t\t\t<div class=\"elementor-widget-wrap\">\n\t\t\t\t\t\t\t<\/div>\n\t\t<\/div>\n\t\t\t\t<div class=\"elementor-column elementor-col-50 elementor-inner-column elementor-element elementor-element-369569cb jltma-glass-effect-no\" data-id=\"369569cb\" data-element_type=\"column\">\n\t\t\t<div class=\"elementor-widget-wrap elementor-element-populated\">\n\t\t\t\t\t\t<div class=\"elementor-element elementor-element-481a943c jltma-glass-effect-no elementor-widget elementor-widget-text-editor\" data-id=\"481a943c\" data-element_type=\"widget\" data-widget_type=\"text-editor.default\">\n\t\t\t\t<div class=\"elementor-widget-container\">\n\t\t\t\t\t\t\t\t\t<p style=\"text-align: left;\">Conversas que atravessam fronteiras, cruzam mares e oceanos para aproximarem os autores com os seus leitores.<\/p>\t\t\t\t\t\t\t\t<\/div>\n\t\t\t\t<\/div>\n\t\t\t\t<div class=\"elementor-element elementor-element-2708f725 elementor-widget-mobile__width-inherit jltma-glass-effect-no elementor-widget elementor-widget-heading\" data-id=\"2708f725\" data-element_type=\"widget\" data-widget_type=\"heading.default\">\n\t\t\t\t<div class=\"elementor-widget-container\">\n\t\t\t\t\t<h2 class=\"elementor-heading-title elementor-size-small\">Conversas com escritores<\/h2>\t\t\t\t<\/div>\n\t\t\t\t<\/div>\n\t\t\t\t\t<\/div>\n\t\t<\/div>\n\t\t\t\t\t<\/div>\n\t\t<\/section>\n\t\t\t\t\t<\/div>\n\t\t<\/div>\n\t\t\t\t\t<\/div>\n\t\t<\/section>\n\t\t\t\t<section class=\"elementor-section elementor-top-section elementor-element elementor-element-65c28723 elementor-section-full_width elementor-section-height-default elementor-section-height-default jltma-glass-effect-no\" data-id=\"65c28723\" data-element_type=\"section\" data-settings=\"{&quot;background_background&quot;:&quot;classic&quot;}\">\n\t\t\t\t\t\t<div class=\"elementor-container elementor-column-gap-default\">\n\t\t\t\t\t<div class=\"elementor-column elementor-col-66 elementor-top-column elementor-element elementor-element-687b6fbf jltma-glass-effect-no\" data-id=\"687b6fbf\" data-element_type=\"column\">\n\t\t\t<div class=\"elementor-widget-wrap elementor-element-populated\">\n\t\t\t\t\t\t<div class=\"elementor-element elementor-element-b49e37c jltma-glass-effect-no elementor-widget elementor-widget-heading\" data-id=\"b49e37c\" data-element_type=\"widget\" data-widget_type=\"heading.default\">\n\t\t\t\t<div class=\"elementor-widget-container\">\n\t\t\t\t\t<h4 class=\"elementor-heading-title elementor-size-default\">Apresenta\u00e7\u00e3o<\/h4>\t\t\t\t<\/div>\n\t\t\t\t<\/div>\n\t\t\t\t<div class=\"elementor-element elementor-element-1bf0c904 jltma-glass-effect-no elementor-widget elementor-widget-text-editor\" data-id=\"1bf0c904\" data-element_type=\"widget\" data-widget_type=\"text-editor.default\">\n\t\t\t\t<div class=\"elementor-widget-container\">\n\t\t\t\t\t\t\t\t\t<p>&#8216;Oeiras &#8211; Ler Olhos nos Olhos&#8217; \u00e9 um projecto de conversas com autores nacionais e internacionais que visa levar a leitura mais perto dos cidad\u00e3os.<br \/>Este projeto acolheu 22 conversas semanais com alguns dos mais importantes autores de l\u00edngua portuguesa e espanhola.<\/p><p>Autores como Mia Couto, Jos\u00e9 Eduardo Agualusa, Jos\u00e9 Pacheco Pereira, Manuel Vilas, Maria Due\u00f1as, Helo\u00edsa Buarque de Holanda, Milton Hatoum, N\u00e9lida Pi\u00f1on ou Paolo Giordano, foram convidados a falar sobre a sua vida e obra.<\/p>\t\t\t\t\t\t\t\t<\/div>\n\t\t\t\t<\/div>\n\t\t\t\t<div class=\"elementor-element elementor-element-b3e851d jltma-glass-effect-no elementor-widget elementor-widget-heading\" data-id=\"b3e851d\" data-element_type=\"widget\" data-widget_type=\"heading.default\">\n\t\t\t\t<div class=\"elementor-widget-container\">\n\t\t\t\t\t<h4 class=\"elementor-heading-title elementor-size-default\">Sess\u00f5es<\/h4>\t\t\t\t<\/div>\n\t\t\t\t<\/div>\n\t\t\t\t<div class=\"elementor-element elementor-element-32f98e7 jltma-glass-effect-no elementor-widget elementor-widget-text-editor\" data-id=\"32f98e7\" data-element_type=\"widget\" data-widget_type=\"text-editor.default\">\n\t\t\t\t<div class=\"elementor-widget-container\">\n\t\t\t\t\t\t\t\t\t<p>1 de julho &#8211; Jo\u00e3o Tordo &#8211; <a href=\"https:\/\/www.facebook.com\/watch\/live\/?v=3295196890525588\" target=\"_blank\" rel=\"noopener\">(re)ver<\/a><br \/>8 de julho &#8211; Germano Almeida &#8211; <a href=\"https:\/\/www.facebook.com\/watch\/live\/?v=911177189384698\" target=\"_blank\" rel=\"noopener\">(re)ver<\/a><br \/>15 de julho &#8211; Jo\u00e3o Paulo Cuenca &#8211; <a href=\"https:\/\/www.facebook.com\/watch\/live\/?v=723694568387096\" target=\"_blank\" rel=\"noopener\">(re)ver<\/a><br \/>22 de julho &#8211; Jos\u00e9 Eduardo Agualusa &#8211; <a href=\"https:\/\/www.facebook.com\/watch\/live\/?v=652284402306259\" target=\"_blank\" rel=\"noopener\">(re)ver<\/a><br \/>29 de julho &#8211; Andr\u00e9a del Fuego &#8211; <a href=\"https:\/\/www.facebook.com\/watch\/live\/?v=627400241232729\" target=\"_blank\" rel=\"noopener\">(re)ver<\/a><br \/>5 de agosto &#8211; Isabel Al\u00e7ada &#8211; <a href=\"https:\/\/www.facebook.com\/watch\/live\/?v=1150193842040717\" target=\"_blank\" rel=\"noopener\">(re)ver<\/a><br \/>12 de agosto &#8211; Juli\u00e1n Fuks &#8211; <a href=\"https:\/\/www.facebook.com\/watch\/live\/?v=572507006776855\" target=\"_blank\" rel=\"noopener\">(re)ver<\/a><br \/>19 de agosto &#8211; Ondjaki &#8211; <a href=\"https:\/\/www.facebook.com\/watch\/live\/?v=2713531902253694\" target=\"_blank\" rel=\"noopener\">(re)ver<\/a><br \/>26 de agosto &#8211; Irene Flunser Pimentel &#8211; <a href=\"https:\/\/www.facebook.com\/watch\/live\/?v=2733615656876452\" target=\"_blank\" rel=\"noopener\">(re)ver<\/a><br \/>2 de setembro &#8211; Ana Maria Gon\u00e7alves &#8211; <a href=\"https:\/\/www.facebook.com\/watch\/live\/?v=235390167831242\" target=\"_blank\" rel=\"noopener\">(re)ver<\/a><br \/>8 de setembro &#8211; Jos\u00e9 Pacheco Pereira &#8211; <a href=\"https:\/\/www.facebook.com\/watch\/live\/?v=314522769876681\" target=\"_blank\" rel=\"noopener\">(re)ver<\/a><br \/>9 de setembro &#8211; Adriana Lisboa &#8211; <a href=\"https:\/\/www.facebook.com\/watch\/live\/?v=625261311518661\" target=\"_blank\" rel=\"noopener\">(re)ver<\/a><br \/>23 de setembro &#8211; Isabel Stilwell &#8211; <a href=\"https:\/\/www.facebook.com\/watch\/live\/?v=1284982165189856\" target=\"_blank\" rel=\"noopener\">(re)ver<\/a><br \/>30 de setembro &#8211; \u00c1lvaro Laborinho L\u00facio &#8211; <a href=\"https:\/\/www.facebook.com\/watch\/live\/?v=3357074971024698\" target=\"_blank\" rel=\"noopener\">(re)ver<\/a><br \/>7 de outubro &#8211; Heloisa Buarque de Hollanda &#8211; <a href=\"https:\/\/www.facebook.com\/watch\/live\/?v=2742212929431676\" target=\"_blank\" rel=\"noopener\">(re)ver<\/a><br \/>21 de outubro &#8211; Milton Hatoum &#8211; <a href=\"https:\/\/www.facebook.com\/watch\/live\/?v=390705755637872\" target=\"_blank\" rel=\"noopener\">(re)ver<\/a><br \/>28 de outubro &#8211; N\u00e9lida Pi\u00f1on &#8211; <a href=\"https:\/\/www.facebook.com\/watch\/live\/?v=355007895810684\" target=\"_blank\" rel=\"noopener\">(re)ver<\/a><br \/>4 de novembro &#8211; Manuel Villas\u00a0 &#8211; <a href=\"https:\/\/www.facebook.com\/watch\/live\/?v=396051665093109\" target=\"_blank\" rel=\"noopener\">(re)ver<\/a><br \/>11 de novembro &#8211; Paolo Giordano &#8211;\u00a0<a href=\"https:\/\/www.facebook.com\/watch\/live\/?v=381968503149823\" target=\"_blank\" rel=\"noopener\">(re)ver<\/a><br \/>25 de novembro &#8211; Frederico Louren\u00e7o &#8211; <a href=\"https:\/\/www.facebook.com\/watch\/live\/?v=403857231027686\" target=\"_blank\" rel=\"noopener\">(re)ver<\/a><br \/>13 de janeiro 2021 &#8211; Maria Due\u00f1as &#8211; <a href=\"https:\/\/www.facebook.com\/TheBookCompanyPT\/videos\/234268388373020\" target=\"_blank\" rel=\"noopener\">(re)ver<\/a><br \/>20 de janeiro 2021 &#8211; Mia Couto &#8211; <a href=\"https:\/\/www.facebook.com\/watch\/live\/?v=323276538977340\" target=\"_blank\" rel=\"noopener\">(re)ver<\/a><br \/><br \/><\/p>\t\t\t\t\t\t\t\t<\/div>\n\t\t\t\t<\/div>\n\t\t\t\t\t<\/div>\n\t\t<\/div>\n\t\t\t\t<div class=\"elementor-column elementor-col-33 elementor-top-column elementor-element elementor-element-bdb578a jltma-glass-effect-no\" data-id=\"bdb578a\" data-element_type=\"column\">\n\t\t\t<div class=\"elementor-widget-wrap elementor-element-populated\">\n\t\t\t\t\t\t<div class=\"elementor-element elementor-element-f408036 jltma-glass-effect-no elementor-widget elementor-widget-heading\" data-id=\"f408036\" data-element_type=\"widget\" data-widget_type=\"heading.default\">\n\t\t\t\t<div class=\"elementor-widget-container\">\n\t\t\t\t\t<h5 class=\"elementor-heading-title elementor-size-default\">conte\u00fado relacionado<\/h5>\t\t\t\t<\/div>\n\t\t\t\t<\/div>\n\t\t\t\t<section class=\"elementor-section elementor-inner-section elementor-element elementor-element-3409ddab elementor-section-full_width elementor-section-height-default elementor-section-height-default jltma-glass-effect-no\" data-id=\"3409ddab\" data-element_type=\"section\" data-settings=\"{&quot;background_background&quot;:&quot;classic&quot;}\">\n\t\t\t\t\t\t<div class=\"elementor-container elementor-column-gap-no\">\n\t\t\t\t\t<div class=\"elementor-column elementor-col-100 elementor-inner-column elementor-element elementor-element-7551f278 jltma-glass-effect-no\" data-id=\"7551f278\" data-element_type=\"column\" data-settings=\"{&quot;background_background&quot;:&quot;classic&quot;}\">\n\t\t\t<div class=\"elementor-widget-wrap elementor-element-populated\">\n\t\t\t\t\t\t<div class=\"elementor-element elementor-element-4e21bd24 jltma-glass-effect-no elementor-widget elementor-widget-heading\" data-id=\"4e21bd24\" data-element_type=\"widget\" data-widget_type=\"heading.default\">\n\t\t\t\t<div class=\"elementor-widget-container\">\n\t\t\t\t\t<h2 class=\"elementor-heading-title elementor-size-default\">Ficha T\u00e9cnica<\/h2>\t\t\t\t<\/div>\n\t\t\t\t<\/div>\n\t\t\t\t<div class=\"elementor-element elementor-element-22ca2578 jltma-glass-effect-no elementor-widget elementor-widget-text-editor\" data-id=\"22ca2578\" data-element_type=\"widget\" data-widget_type=\"text-editor.default\">\n\t\t\t\t<div class=\"elementor-widget-container\">\n\t\t\t\t\t\t\t\t\t<p>Produ\u00e7\u00e3o executiva: <strong>The Book Company<\/strong><\/p>\t\t\t\t\t\t\t\t<\/div>\n\t\t\t\t<\/div>\n\t\t\t\t\t<\/div>\n\t\t<\/div>\n\t\t\t\t\t<\/div>\n\t\t<\/section>\n\t\t\t\t<section class=\"elementor-section elementor-inner-section elementor-element elementor-element-1b66fdac elementor-section-full_width elementor-section-height-default elementor-section-height-default jltma-glass-effect-no\" data-id=\"1b66fdac\" data-element_type=\"section\" data-settings=\"{&quot;background_background&quot;:&quot;classic&quot;}\">\n\t\t\t\t\t\t<div class=\"elementor-container elementor-column-gap-no\">\n\t\t\t\t\t<div class=\"elementor-column elementor-col-100 elementor-inner-column elementor-element elementor-element-7118daab jltma-glass-effect-no\" data-id=\"7118daab\" data-element_type=\"column\" data-settings=\"{&quot;background_background&quot;:&quot;classic&quot;}\">\n\t\t\t<div class=\"elementor-widget-wrap elementor-element-populated\">\n\t\t\t\t\t\t<div class=\"elementor-element elementor-element-1bbf1d93 jltma-glass-effect-no elementor-widget elementor-widget-heading\" data-id=\"1bbf1d93\" data-element_type=\"widget\" data-widget_type=\"heading.default\">\n\t\t\t\t<div class=\"elementor-widget-container\">\n\t\t\t\t\t<h2 class=\"elementor-heading-title elementor-size-default\"><a href=\"\/\">Cronologia<\/a><\/h2>\t\t\t\t<\/div>\n\t\t\t\t<\/div>\n\t\t\t\t<div class=\"elementor-element elementor-element-3296f9c5 jltma-glass-effect-no elementor-widget elementor-widget-text-editor\" data-id=\"3296f9c5\" data-element_type=\"widget\" data-widget_type=\"text-editor.default\">\n\t\t\t\t<div class=\"elementor-widget-container\">\n\t\t\t\t\t\t\t\t\t<p>In\u00edcio: 1 julho de 2020<\/p><p>Fim: 20 de janeiro de 2021<\/p>\t\t\t\t\t\t\t\t<\/div>\n\t\t\t\t<\/div>\n\t\t\t\t\t<\/div>\n\t\t<\/div>\n\t\t\t\t\t<\/div>\n\t\t<\/section>\n\t\t\t\t<section class=\"elementor-section elementor-inner-section elementor-element elementor-element-15e8db73 elementor-section-full_width elementor-section-height-default elementor-section-height-default jltma-glass-effect-no\" data-id=\"15e8db73\" data-element_type=\"section\" data-settings=\"{&quot;background_background&quot;:&quot;classic&quot;}\">\n\t\t\t\t\t\t<div class=\"elementor-container elementor-column-gap-no\">\n\t\t\t\t\t<div class=\"elementor-column elementor-col-100 elementor-inner-column elementor-element elementor-element-6b12c449 jltma-glass-effect-no\" data-id=\"6b12c449\" data-element_type=\"column\" data-settings=\"{&quot;background_background&quot;:&quot;classic&quot;}\">\n\t\t\t<div class=\"elementor-widget-wrap elementor-element-populated\">\n\t\t\t\t\t\t<div class=\"elementor-element elementor-element-5faa8ccf jltma-glass-effect-no elementor-widget elementor-widget-heading\" data-id=\"5faa8ccf\" data-element_type=\"widget\" data-widget_type=\"heading.default\">\n\t\t\t\t<div class=\"elementor-widget-container\">\n\t\t\t\t\t<h2 class=\"elementor-heading-title elementor-size-default\">The Book Company<\/h2>\t\t\t\t<\/div>\n\t\t\t\t<\/div>\n\t\t\t\t<div class=\"elementor-element elementor-element-37d4efb2 jltma-glass-effect-no elementor-widget elementor-widget-text-editor\" data-id=\"37d4efb2\" data-element_type=\"widget\" data-widget_type=\"text-editor.default\">\n\t\t\t\t<div class=\"elementor-widget-container\">\n\t\t\t\t\t\t\t\t\t<p>Site:<br \/><a href=\"https:\/\/thebookcompany.pt\/\" target=\"_blank\" rel=\"noopener\">https:\/\/thebookcompany.pt<\/a><\/p>\t\t\t\t\t\t\t\t<\/div>\n\t\t\t\t<\/div>\n\t\t\t\t\t<\/div>\n\t\t<\/div>\n\t\t\t\t\t<\/div>\n\t\t<\/section>\n\t\t\t\t\t<\/div>\n\t\t<\/div>\n\t\t\t\t\t<\/div>\n\t\t<\/section>\n\t\t\t\t<section class=\"elementor-section elementor-top-section elementor-element elementor-element-36a1fc0 elementor-section-full_width elementor-section-height-default elementor-section-height-default jltma-glass-effect-no\" data-id=\"36a1fc0\" data-element_type=\"section\">\n\t\t\t\t\t\t<div class=\"elementor-container elementor-column-gap-default\">\n\t\t\t\t\t<div class=\"elementor-column elementor-col-100 elementor-top-column elementor-element elementor-element-c3c8dfe jltma-glass-effect-no\" data-id=\"c3c8dfe\" data-element_type=\"column\">\n\t\t\t<div class=\"elementor-widget-wrap elementor-element-populated\">\n\t\t\t\t\t\t<section class=\"elementor-section elementor-inner-section elementor-element elementor-element-61da9295 elementor-section-boxed elementor-section-height-default elementor-section-height-default jltma-glass-effect-no\" data-id=\"61da9295\" data-element_type=\"section\">\n\t\t\t\t\t\t<div class=\"elementor-container elementor-column-gap-default\">\n\t\t\t\t\t<div class=\"elementor-column elementor-col-50 elementor-inner-column elementor-element elementor-element-1398520e jltma-glass-effect-no\" data-id=\"1398520e\" data-element_type=\"column\">\n\t\t\t<div class=\"elementor-widget-wrap elementor-element-populated\">\n\t\t\t\t\t\t<div class=\"elementor-element elementor-element-7baf0e1f jltma-glass-effect-no elementor-widget elementor-widget-heading\" data-id=\"7baf0e1f\" data-element_type=\"widget\" data-widget_type=\"heading.default\">\n\t\t\t\t<div class=\"elementor-widget-container\">\n\t\t\t\t\t<h6 class=\"elementor-heading-title elementor-size-default\">partilhar<\/h6>\t\t\t\t<\/div>\n\t\t\t\t<\/div>\n\t\t\t\t\t<\/div>\n\t\t<\/div>\n\t\t\t\t<div class=\"elementor-column elementor-col-50 elementor-inner-column elementor-element elementor-element-7678eea9 jltma-glass-effect-no\" data-id=\"7678eea9\" data-element_type=\"column\">\n\t\t\t<div class=\"elementor-widget-wrap elementor-element-populated\">\n\t\t\t\t\t\t<div class=\"elementor-element elementor-element-1d82dcc jltma-glass-effect-no elementor-widget elementor-widget-htmega-social-shere-addons\" data-id=\"1d82dcc\" data-element_type=\"widget\" data-widget_type=\"htmega-social-shere-addons.default\">\n\t\t\t\t<div class=\"elementor-widget-container\">\n\t\t\t\t\t            <div class=\"htmega-social-share htmega-social-style-1\" >\n                <ul>\n                                            <li class=\"elementor-repeater-item-1e34032\" data-social=\"facebook\" > \n                            <i class=\"fab fa-facebook-f\"><\/i>                        <\/li>\n                                            <li class=\"elementor-repeater-item-e19b15d\" data-social=\"twitter\" > \n                            <i class=\"fab fa-twitter\"><\/i>                        <\/li>\n                                    <\/ul>\n            <\/div>\n        \t\t\t\t<\/div>\n\t\t\t\t<\/div>\n\t\t\t\t\t<\/div>\n\t\t<\/div>\n\t\t\t\t\t<\/div>\n\t\t<\/section>\n\t\t\t\t\t<\/div>\n\t\t<\/div>\n\t\t\t\t\t<\/div>\n\t\t<\/section>\n\t\t\t\t<section class=\"elementor-section elementor-top-section elementor-element elementor-element-6661248e elementor-section-full_width elementor-section-height-default elementor-section-height-default jltma-glass-effect-no\" data-id=\"6661248e\" data-element_type=\"section\">\n\t\t\t\t\t\t<div class=\"elementor-container elementor-column-gap-no\">\n\t\t\t\t\t<div class=\"elementor-column elementor-col-50 elementor-top-column elementor-element elementor-element-6f754b23 jltma-glass-effect-no\" data-id=\"6f754b23\" data-element_type=\"column\" data-settings=\"{&quot;background_background&quot;:&quot;classic&quot;}\">\n\t\t\t<div class=\"elementor-widget-wrap elementor-element-populated\">\n\t\t\t\t\t\t<div class=\"elementor-element elementor-element-58a2f228 jltma-glass-effect-no elementor-widget elementor-widget-heading\" data-id=\"58a2f228\" data-element_type=\"widget\" data-widget_type=\"heading.default\">\n\t\t\t\t<div class=\"elementor-widget-container\">\n\t\t\t\t\t<h6 class=\"elementor-heading-title elementor-size-default\">.<\/h6>\t\t\t\t<\/div>\n\t\t\t\t<\/div>\n\t\t\t\t<div class=\"elementor-element elementor-element-65891b0 jltma-glass-effect-no elementor-widget elementor-widget-heading\" data-id=\"65891b0\" data-element_type=\"widget\" data-widget_type=\"heading.default\">\n\t\t\t\t<div class=\"elementor-widget-container\">\n\t\t\t\t\t<h2 class=\"elementor-heading-title elementor-size-default\">Culto<\/h2>\t\t\t\t<\/div>\n\t\t\t\t<\/div>\n\t\t\t\t<div class=\"elementor-element elementor-element-3660ee93 jltma-glass-effect-no elementor-widget elementor-widget-text-editor\" data-id=\"3660ee93\" data-element_type=\"widget\" data-widget_type=\"text-editor.default\">\n\t\t\t\t<div class=\"elementor-widget-container\">\n\t\t\t\t\t\t\t\t\t<p>Nove epis\u00f3dios onde a poesia se mistura com a m\u00fasica, a dan\u00e7a e a performance.<br \/><br \/>Um projeto com concep\u00e7\u00e3o art\u00edstica da Musgo em parceria com o Munic\u00edpio de Oeiras e integrado no Oeiras27. Damos Forma ao Futuro.<\/p>\t\t\t\t\t\t\t\t<\/div>\n\t\t\t\t<\/div>\n\t\t\t\t<div class=\"elementor-element elementor-element-4b27ccee jltma-glass-effect-no elementor-widget elementor-widget-button\" data-id=\"4b27ccee\" data-element_type=\"widget\" data-widget_type=\"button.default\">\n\t\t\t\t<div class=\"elementor-widget-container\">\n\t\t\t\t\t\t\t\t\t<div class=\"elementor-button-wrapper\">\n\t\t\t\t\t<a class=\"elementor-button elementor-button-link elementor-size-sm elementor-animation-grow\" href=\"\/?page_id=8163\">\n\t\t\t\t\t\t<span class=\"elementor-button-content-wrapper\">\n\t\t\t\t\t\t\t\t\t<span class=\"elementor-button-text\">Ver mais<\/span>\n\t\t\t\t\t<\/span>\n\t\t\t\t\t<\/a>\n\t\t\t\t<\/div>\n\t\t\t\t\t\t\t\t<\/div>\n\t\t\t\t<\/div>\n\t\t\t\t\t<\/div>\n\t\t<\/div>\n\t\t\t\t<div class=\"elementor-column elementor-col-50 elementor-top-column elementor-element elementor-element-596aa081 jltma-glass-effect-no\" data-id=\"596aa081\" data-element_type=\"column\" data-settings=\"{&quot;background_background&quot;:&quot;classic&quot;}\">\n\t\t\t<div class=\"elementor-widget-wrap elementor-element-populated\">\n\t\t\t\t\t\t<div class=\"elementor-element elementor-element-43859658 jltma-glass-effect-no elementor-widget elementor-widget-heading\" data-id=\"43859658\" data-element_type=\"widget\" data-widget_type=\"heading.default\">\n\t\t\t\t<div class=\"elementor-widget-container\">\n\t\t\t\t\t<h6 class=\"elementor-heading-title elementor-size-default\">Masterclasses<\/h6>\t\t\t\t<\/div>\n\t\t\t\t<\/div>\n\t\t\t\t<div class=\"elementor-element elementor-element-4f458901 jltma-glass-effect-no elementor-widget elementor-widget-heading\" data-id=\"4f458901\" data-element_type=\"widget\" data-widget_type=\"heading.default\">\n\t\t\t\t<div class=\"elementor-widget-container\">\n\t\t\t\t\t<h2 class=\"elementor-heading-title elementor-size-default\">Pessoa convida pessoas<\/h2>\t\t\t\t<\/div>\n\t\t\t\t<\/div>\n\t\t\t\t<div class=\"elementor-element elementor-element-6b561213 jltma-glass-effect-no elementor-widget elementor-widget-text-editor\" data-id=\"6b561213\" data-element_type=\"widget\" data-widget_type=\"text-editor.default\">\n\t\t\t\t<div class=\"elementor-widget-container\">\n\t\t\t\t\t\t\t\t\t<p>Onze convidados respondem a onze quest\u00f5es sobre Pessoa.<\/p>\t\t\t\t\t\t\t\t<\/div>\n\t\t\t\t<\/div>\n\t\t\t\t<div class=\"elementor-element elementor-element-48c4b0ae jltma-glass-effect-no elementor-widget elementor-widget-button\" data-id=\"48c4b0ae\" data-element_type=\"widget\" data-widget_type=\"button.default\">\n\t\t\t\t<div class=\"elementor-widget-container\">\n\t\t\t\t\t\t\t\t\t<div class=\"elementor-button-wrapper\">\n\t\t\t\t\t<a class=\"elementor-button elementor-button-link elementor-size-sm elementor-animation-grow\" href=\"\/?page_id=8014\">\n\t\t\t\t\t\t<span class=\"elementor-button-content-wrapper\">\n\t\t\t\t\t\t\t\t\t<span class=\"elementor-button-text\">Ver mais<\/span>\n\t\t\t\t\t<\/span>\n\t\t\t\t\t<\/a>\n\t\t\t\t<\/div>\n\t\t\t\t\t\t\t\t<\/div>\n\t\t\t\t<\/div>\n\t\t\t\t\t<\/div>\n\t\t<\/div>\n\t\t\t\t\t<\/div>\n\t\t<\/section>\n\t\t\t\t<\/div>\n\t\t","protected":false},"excerpt":{"rendered":"<p>Conversas que atravessam fronteiras, cruzam mares e oceanos para aproximarem os autores com os seus leitores. Conversas com escritores Apresenta\u00e7\u00e3o &#8216;Oeiras &#8211; Ler Olhos nos Olhos&#8217; \u00e9 um projecto de conversas com autores nacionais e internacionais que visa levar a leitura mais perto dos cidad\u00e3os. Este projeto acolheu 22 conversas semanais com alguns dos mais&hellip;&nbsp;<a href=\"https:\/\/palavras27.oeiras.pt\/?page_id=13072\" rel=\"bookmark\">Ler mais &raquo;<span class=\"screen-reader-text\">Ler Olhos nos Olhos 2020<\/span><\/a><\/p>\n","protected":false},"author":2,"featured_media":13161,"parent":1515,"menu_order":0,"comment_status":"closed","ping_status":"closed","template":"elementor_header_footer","meta":{"_monsterinsights_skip_tracking":false,"_monsterinsights_sitenote_active":false,"_monsterinsights_sitenote_note":"","_monsterinsights_sitenote_category":0,"neve_meta_sidebar":"full-width","neve_meta_container":"","neve_meta_enable_content_width":"on","neve_meta_content_width":100,"neve_meta_title_alignment":"","neve_meta_author_avatar":"","neve_post_elements_order":"","neve_meta_disable_header":"","neve_meta_disable_footer":"","neve_meta_disable_title":"","footnotes":""},"class_list":["post-13072","page","type-page","status-publish","has-post-thumbnail","hentry"],"aioseo_notices":[],"_links":{"self":[{"href":"https:\/\/palavras27.oeiras.pt\/index.php?rest_route=\/wp\/v2\/pages\/13072","targetHints":{"allow":["GET"]}}],"collection":[{"href":"https:\/\/palavras27.oeiras.pt\/index.php?rest_route=\/wp\/v2\/pages"}],"about":[{"href":"https:\/\/palavras27.oeiras.pt\/index.php?rest_route=\/wp\/v2\/types\/page"}],"author":[{"embeddable":true,"href":"https:\/\/palavras27.oeiras.pt\/index.php?rest_route=\/wp\/v2\/users\/2"}],"replies":[{"embeddable":true,"href":"https:\/\/palavras27.oeiras.pt\/index.php?rest_route=%2Fwp%2Fv2%2Fcomments&post=13072"}],"version-history":[{"count":53,"href":"https:\/\/palavras27.oeiras.pt\/index.php?rest_route=\/wp\/v2\/pages\/13072\/revisions"}],"predecessor-version":[{"id":17855,"href":"https:\/\/palavras27.oeiras.pt\/index.php?rest_route=\/wp\/v2\/pages\/13072\/revisions\/17855"}],"up":[{"embeddable":true,"href":"https:\/\/palavras27.oeiras.pt\/index.php?rest_route=\/wp\/v2\/pages\/1515"}],"wp:featuredmedia":[{"embeddable":true,"href":"https:\/\/palavras27.oeiras.pt\/index.php?rest_route=\/wp\/v2\/media\/13161"}],"wp:attachment":[{"href":"https:\/\/palavras27.oeiras.pt\/index.php?rest_route=%2Fwp%2Fv2%2Fmedia&parent=13072"}],"curies":[{"name":"wp","href":"https:\/\/api.w.org\/{rel}","templated":true}]}}