{"id":7185,"date":"2021-03-11T00:57:50","date_gmt":"2021-03-11T00:57:50","guid":{"rendered":"https:\/\/palavras27.oeiras.pt\/?page_id=7185"},"modified":"2022-06-17T16:19:26","modified_gmt":"2022-06-17T15:19:26","slug":"prelo","status":"publish","type":"page","link":"https:\/\/palavras27.oeiras.pt\/?page_id=7185","title":{"rendered":"Prelo"},"content":{"rendered":"\t\t<div data-elementor-type=\"wp-page\" data-elementor-id=\"7185\" class=\"elementor elementor-7185\">\n\t\t\t\t\t\t<section class=\"elementor-section elementor-top-section elementor-element elementor-element-ee7bdfa elementor-section-full_width elementor-section-height-default elementor-section-height-default jltma-glass-effect-no\" data-id=\"ee7bdfa\" data-element_type=\"section\" data-settings=\"{&quot;background_background&quot;:&quot;classic&quot;}\">\n\t\t\t\t\t\t<div class=\"elementor-container elementor-column-gap-default\">\n\t\t\t\t\t<div class=\"elementor-column elementor-col-50 elementor-top-column elementor-element elementor-element-8a530bf jltma-glass-effect-no\" data-id=\"8a530bf\" data-element_type=\"column\">\n\t\t\t<div class=\"elementor-widget-wrap elementor-element-populated\">\n\t\t\t\t\t\t\t<\/div>\n\t\t<\/div>\n\t\t\t\t<div class=\"elementor-column elementor-col-50 elementor-top-column elementor-element elementor-element-f12370f jltma-glass-effect-no\" data-id=\"f12370f\" data-element_type=\"column\">\n\t\t\t<div class=\"elementor-widget-wrap\">\n\t\t\t\t\t\t\t<\/div>\n\t\t<\/div>\n\t\t\t\t\t<\/div>\n\t\t<\/section>\n\t\t\t\t<section class=\"elementor-section elementor-top-section elementor-element elementor-element-45d57ba elementor-section-full_width elementor-section-height-default elementor-section-height-default jltma-glass-effect-no\" data-id=\"45d57ba\" data-element_type=\"section\" data-settings=\"{&quot;background_background&quot;:&quot;classic&quot;}\">\n\t\t\t\t\t\t<div class=\"elementor-container elementor-column-gap-default\">\n\t\t\t\t\t<div class=\"elementor-column elementor-col-100 elementor-top-column elementor-element elementor-element-b2271e1 jltma-glass-effect-no\" data-id=\"b2271e1\" data-element_type=\"column\">\n\t\t\t<div class=\"elementor-widget-wrap elementor-element-populated\">\n\t\t\t\t\t\t<div class=\"elementor-element elementor-element-ef97c3b jltma-glass-effect-no elementor-widget elementor-widget-heading\" data-id=\"ef97c3b\" data-element_type=\"widget\" data-widget_type=\"heading.default\">\n\t\t\t\t<div class=\"elementor-widget-container\">\n\t\t\t\t\t<h2 class=\"elementor-heading-title elementor-size-default\">Not\u00edcias<\/h2>\t\t\t\t<\/div>\n\t\t\t\t<\/div>\n\t\t\t\t<div class=\"elementor-element elementor-element-be0643e jltma-navigation-type-arrows jltma-carousel-style-carousel jltma-glass-effect-no elementor-widget elementor-widget-ma-blog-post\" data-id=\"be0643e\" data-element_type=\"widget\" data-settings=\"{&quot;ma_el_post_grid_layout&quot;:&quot;list&quot;,&quot;autoheight&quot;:&quot;yes&quot;,&quot;item_gap&quot;:{&quot;unit&quot;:&quot;px&quot;,&quot;size&quot;:35,&quot;sizes&quot;:[]},&quot;item_gap_tablet&quot;:{&quot;unit&quot;:&quot;px&quot;,&quot;size&quot;:35,&quot;sizes&quot;:[]},&quot;item_gap_mobile&quot;:{&quot;unit&quot;:&quot;px&quot;,&quot;size&quot;:20,&quot;sizes&quot;:[]}}\" data-widget_type=\"ma-blog-post.default\">\n\t\t\t\t<div class=\"elementor-widget-container\">\n\t\t\t\t\t\n\t\t\t\t\t\t\t\t\t\t\t<div class=\"jltma-blog\">\n\n\t\t\t\t\t\t\t\n\n\t\t\t\t\t\t\t<div class=\"jltma-blog-wrapper jltma-blog-list jltma-row\">\n\n\t\t\t\t\t\t\t\t\n\t\t\t\t\t\t<div class=\"jltma-post-outer-container jltma-col-6\">\n\t\t\t\t\n\n\t\t\t\t<div class=\"jltma-blog-post    jltma-blog-list-button-right             cards\">\n\n\t\t\t\t\t\t\t\t\t\t\t<div class=\"jltma-row\">\n\t\t\t\t\t\t\t<div class=\"jltma-col-6\">\n\t\t\t\t\t\t\t\n\t\t\t\t\t\t\t\n\t\t\t\t\t\t\t\t\n\t\t\t\t\t\t\t\t\t\n\t\t\t\t\t\t\t\t\t\t\n\t\t\t\t\t\t\t\t\t\t\t<div class=\"elementor-animation-grow\">\n\t\t\t\t\t\t\t<div\n\t\t\t\t\t\t\t\tclass=\"jltma-post-thumbnail jltma-img-none jltma-img-shape-none\">\n\t\t\t\t\t\t\t\t<a href=\"https:\/\/palavras27.oeiras.pt\/?p=17861\" target=\"_self\">\n\t\t\t\t\t\t\t\t\t<img fetchpriority=\"high\" decoding=\"async\" width=\"599\" height=\"400\" src=\"https:\/\/palavras27.oeiras.pt\/wp-content\/uploads\/2022\/06\/2022-grammys-e1655460027111.jpg\" class=\"attachment-full size-full wp-post-image\" alt=\"\" srcset=\"https:\/\/palavras27.oeiras.pt\/wp-content\/uploads\/2022\/06\/2022-grammys-e1655460027111.jpg 599w, https:\/\/palavras27.oeiras.pt\/wp-content\/uploads\/2022\/06\/2022-grammys-e1655460027111-300x200.jpg 300w, https:\/\/palavras27.oeiras.pt\/wp-content\/uploads\/2022\/06\/2022-grammys-e1655460027111-391x260.jpg 391w\" sizes=\"(max-width: 599px) 100vw, 599px\" \/>\t\t\t\t\t\t\t\t<\/a>\n\t\t\t\t\t\t\t\t\t\t\t\t\t\t\t<\/div>\n\t\t\t\t\t\t<\/div>\n\t\t\t\t\t\n\t\t\t\t\n\t\t\t\t\t\t\t\t\t\t<div\n\t\t\t\t\t\t\t\t\t\t\tclass=\"jltma-blog-effect-container jltma-blog-none-effect\">\n\t\t\t\t\t\t\t\t\t\t\t<a class=\"jltma-post-link\" href=\"https:\/\/palavras27.oeiras.pt\/?p=17861\"\n\t\t\t\t\t\t\t\t\t\t\t\ttarget=\"_self\"><\/a>\n\t\t\t\t\t\t\t\t\t\t\t\t\t\t\t\t\t\t\t\t\t<\/div>\n\n\n\n\t\t\t\t\t\t\t\t\t\t\n\t\t\t\t\t\t\t\t\t\t\t\t\t\t\t\t\t\t<\/div>\n\t\t\t\t\t\t\t\t\t<div class=\"jltma-col-6\">\n\t\t\t\t\t\t\t\t\t\n\t\t\t\t\t\t\t\t\t\n\n\n\t\t\t\t\t\t\t\t\t\n\t\t\t\t\t\t\t\t\t\t\n\t\t\t\t\t\t\t\t\t\t\t\n\t\t\t\t\t\t\t\t\t\t\t\t<div class=\"jltma-post-content \">\n\n\t\t\t\t\t\t\t\t\t\t\t\t\t<div class=\"jltma-blog-inner-container\">\n\n\t\t\t\t\t\t\t\t\t\t\t\t\t\t\n\t\t\t\t\t\t\t\t\t\t\t\t\t\t<div class=\"jltma-blog-entry-container\">\n\t\t\t\t\t\t\t\t\t\t\t\t\t\t\t\n\t\t\t<h2 class=\"jltma-entry-title\">\n\t\t\t\t<a href=\"https:\/\/palavras27.oeiras.pt\/?p=17861\" target=\"_self\">Grammy&#8217;s 2023 para melhor \u00e1lbum de poesia<\/a>\n\t\t\t<\/h2>\n\n\t\t\t\t\t\t\t\t\t\t\t\t\t\t\t\t<\/div>\n\t\t\t\t\t\t\t\t\t\t\t\t\t<\/div>\n\n\n\t\t\t\t\t\t\t\t\t\t\t\t\t\n\t\t\t\t\t\t\t\t\t\t\t\t\t\t\t<div class=\"jltma-blog-post-content-wrap\" style=\"margin-left:0px;\">\n\t\t\t<p>\nA Recording Academy, respons\u00e1vel pela atribui\u00e7\u00e3o dos pr\u00e9mios GRAMMYs anunciou <br> <a href=\"https:\/\/palavras27.oeiras.pt\/?p=17861\" class=\"jltma-post-btn\">Ler mais<\/a><\/p>\t\t<\/div>\n\t\t\n\t\t\t\t\t\t\t\t\t\t\t\t\t\t\t\t\t\t\t\t\t\t\t\t\t<\/div>\n\n\n\t\t\t\t\t\t\t\t\t\t\t\t\n\t\t\t\t\t\t\t\t\t\t\t\n\n\t\t\t\t\t\t\t\t\t\n\t\t\t\t\t\t\t\t\t<\/div> <!-- .col-6 -->\n\t\t\t\t\t\t\t\t<\/div> <!-- .row -->\n\t\t\t\t\t\t\t\n\n\t\t\t\t\t\t<\/div>\n\t\t\t\t\t<\/div>\n\n\t\t\t\t\n\t\t\t\t\t\t\t<\/div>\n\n\t\t\t\t\t\t\t\n\t\t\t\t\t<\/div>\n\n\n\t\t\t\t\t\t\t\t\t<\/div>\n\t\t\t\t<\/div>\n\t\t\t\t\t<\/div>\n\t\t<\/div>\n\t\t\t\t\t<\/div>\n\t\t<\/section>\n\t\t\t\t<section class=\"elementor-section elementor-top-section elementor-element elementor-element-b7fe5c1 elementor-section-full_width elementor-section-height-default elementor-section-height-default jltma-glass-effect-no\" data-id=\"b7fe5c1\" data-element_type=\"section\" data-settings=\"{&quot;background_background&quot;:&quot;classic&quot;}\">\n\t\t\t\t\t\t<div class=\"elementor-container elementor-column-gap-default\">\n\t\t\t\t\t<div class=\"elementor-column elementor-col-100 elementor-top-column elementor-element elementor-element-d4a1767 jltma-glass-effect-no\" data-id=\"d4a1767\" data-element_type=\"column\">\n\t\t\t<div class=\"elementor-widget-wrap elementor-element-populated\">\n\t\t\t\t\t\t<div class=\"elementor-element elementor-element-d40f1f2 jltma-glass-effect-no elementor-widget elementor-widget-heading\" data-id=\"d40f1f2\" data-element_type=\"widget\" data-widget_type=\"heading.default\">\n\t\t\t\t<div class=\"elementor-widget-container\">\n\t\t\t\t\t<h2 class=\"elementor-heading-title elementor-size-default\">Projetos<\/h2>\t\t\t\t<\/div>\n\t\t\t\t<\/div>\n\t\t\t\t<div class=\"elementor-element elementor-element-ec4c991 jltma-navigation-type-arrows jltma-carousel-style-carousel jltma-glass-effect-no elementor-widget elementor-widget-ma-blog-post\" data-id=\"ec4c991\" data-element_type=\"widget\" data-settings=\"{&quot;ma_el_post_grid_layout&quot;:&quot;list&quot;,&quot;autoheight&quot;:&quot;yes&quot;,&quot;item_gap&quot;:{&quot;unit&quot;:&quot;px&quot;,&quot;size&quot;:35,&quot;sizes&quot;:[]},&quot;item_gap_tablet&quot;:{&quot;unit&quot;:&quot;px&quot;,&quot;size&quot;:35,&quot;sizes&quot;:[]},&quot;item_gap_mobile&quot;:{&quot;unit&quot;:&quot;px&quot;,&quot;size&quot;:20,&quot;sizes&quot;:[]}}\" data-widget_type=\"ma-blog-post.default\">\n\t\t\t\t<div class=\"elementor-widget-container\">\n\t\t\t\t\t\n\t\t\t\t\t\t\t\t\t\t\t<div class=\"jltma-blog\">\n\n\t\t\t\t\t\t\t\n\n\t\t\t\t\t\t\t<div class=\"jltma-blog-wrapper jltma-blog-list jltma-row\">\n\n\t\t\t\t\t\t\t\t\n\t\t\t\t\t\t<div class=\"jltma-post-outer-container jltma-col-6\">\n\t\t\t\t\n\n\t\t\t\t<div class=\"jltma-blog-post    jltma-blog-list-button-right             cards\">\n\n\t\t\t\t\t\t\t\t\t\t\t<div class=\"jltma-row\">\n\t\t\t\t\t\t\t<div class=\"jltma-col-6\">\n\t\t\t\t\t\t\t\n\t\t\t\t\t\t\t\n\t\t\t\t\t\t\t\t\n\t\t\t\t\t\t\t\t\t\n\t\t\t\t\t\t\t\t\t\t\n\t\t\t\t\t\t\t\t\t\t\t<div class=\"elementor-animation-grow\">\n\t\t\t\t\t\t\t<div\n\t\t\t\t\t\t\t\tclass=\"jltma-post-thumbnail jltma-img-none jltma-img-shape-none\">\n\t\t\t\t\t\t\t\t<a href=\"https:\/\/palavras27.oeiras.pt\/?p=6924\" target=\"_self\">\n\t\t\t\t\t\t\t\t\t<img decoding=\"async\" width=\"1200\" height=\"800\" src=\"https:\/\/palavras27.oeiras.pt\/wp-content\/uploads\/2021\/03\/nao_sei_o_que.png\" class=\"attachment-full size-full wp-post-image\" alt=\"\" srcset=\"https:\/\/palavras27.oeiras.pt\/wp-content\/uploads\/2021\/03\/nao_sei_o_que.png 1200w, https:\/\/palavras27.oeiras.pt\/wp-content\/uploads\/2021\/03\/nao_sei_o_que-300x200.png 300w, https:\/\/palavras27.oeiras.pt\/wp-content\/uploads\/2021\/03\/nao_sei_o_que-1024x683.png 1024w, https:\/\/palavras27.oeiras.pt\/wp-content\/uploads\/2021\/03\/nao_sei_o_que-768x512.png 768w, https:\/\/palavras27.oeiras.pt\/wp-content\/uploads\/2021\/03\/nao_sei_o_que-391x260.png 391w, https:\/\/palavras27.oeiras.pt\/wp-content\/uploads\/2021\/03\/nao_sei_o_que-930x620.png 930w\" sizes=\"(max-width: 1200px) 100vw, 1200px\" \/>\t\t\t\t\t\t\t\t<\/a>\n\t\t\t\t\t\t\t\t\t\t\t\t\t\t\t<\/div>\n\t\t\t\t\t\t<\/div>\n\t\t\t\t\t\n\t\t\t\t\n\t\t\t\t\t\t\t\t\t\t<div\n\t\t\t\t\t\t\t\t\t\t\tclass=\"jltma-blog-effect-container jltma-blog-none-effect\">\n\t\t\t\t\t\t\t\t\t\t\t<a class=\"jltma-post-link\" href=\"https:\/\/palavras27.oeiras.pt\/?p=6924\"\n\t\t\t\t\t\t\t\t\t\t\t\ttarget=\"_self\"><\/a>\n\t\t\t\t\t\t\t\t\t\t\t\t\t\t\t\t\t\t\t\t\t<\/div>\n\n\n\n\t\t\t\t\t\t\t\t\t\t\n\t\t\t\t\t\t\t\t\t\t\t\t\t\t\t\t\t\t<\/div>\n\t\t\t\t\t\t\t\t\t<div class=\"jltma-col-6\">\n\t\t\t\t\t\t\t\t\t\n\t\t\t\t\t\t\t\t\t\n\n\n\t\t\t\t\t\t\t\t\t\n\t\t\t\t\t\t\t\t\t\t\n\t\t\t\t\t\t\t\t\t\t\t\n\t\t\t\t\t\t\t\t\t\t\t\t<div class=\"jltma-post-content \">\n\n\t\t\t\t\t\t\t\t\t\t\t\t\t<div class=\"jltma-blog-inner-container\">\n\n\t\t\t\t\t\t\t\t\t\t\t\t\t\t\n\t\t\t\t\t\t\t\t\t\t\t\t\t\t<div class=\"jltma-blog-entry-container\">\n\t\t\t\t\t\t\t\t\t\t\t\t\t\t\t\n\t\t\t<h2 class=\"jltma-entry-title\">\n\t\t\t\t<a href=\"https:\/\/palavras27.oeiras.pt\/?p=6924\" target=\"_self\">N\u00e3o sei o que o amanh\u00e3 trar\u00e1<\/a>\n\t\t\t<\/h2>\n\n\t\t\t\t\t\t\t\t\t\t\t\t\t\t\t\t<\/div>\n\t\t\t\t\t\t\t\t\t\t\t\t\t<\/div>\n\n\n\t\t\t\t\t\t\t\t\t\t\t\t\t\n\t\t\t\t\t\t\t\t\t\t\t\t\t\t\t<div class=\"jltma-blog-post-content-wrap\" style=\"margin-left:0px;\">\n\t\t\t<p>\n\u201cN\u00e3o sei o que o amanh\u00e3 trar\u00e1 \u2013 um passeio <br> <a href=\"https:\/\/palavras27.oeiras.pt\/?p=6924\" class=\"jltma-post-btn\">Ler mais<\/a><\/p>\t\t<\/div>\n\t\t\n\t\t\t\t\t\t\t\t\t\t\t\t\t\t\t\t\t\t\t\t\t\t\t\t\t\t\t<div class=\"jltma-blog-post-tags-container\" style=\"margin-left:0px;\">\n\t\t\t\t\t\t\t\t\t\t\t\t\t\t\t<span class=\"jltma-blog-post-tags\">\n\n\t\t\t\t\t\t\t\t\t\t\t\t\t\t\t\t\n\t\t\t\t\t\t\t\t\t\t\t\t\t\t\t\t <a href=\"https:\/\/palavras27.oeiras.pt\/?tag=projeto\" rel=\"tag\">Projeto<\/a>\t\t\t\t\t\t\t\t\t\t\t\t\t\t\t<\/span>\n\t\t\t\t\t\t\t\t\t\t\t\t\t\t<\/div>\n\t\t\t\t\t\t\t\t\t\t\t\t\t\t\t\t\t\t\t\t\t\t\t\t\t<\/div>\n\n\n\t\t\t\t\t\t\t\t\t\t\t\t\n\t\t\t\t\t\t\t\t\t\t\t\n\n\t\t\t\t\t\t\t\t\t\n\t\t\t\t\t\t\t\t\t<\/div> <!-- .col-6 -->\n\t\t\t\t\t\t\t\t<\/div> <!-- .row -->\n\t\t\t\t\t\t\t\n\n\t\t\t\t\t\t<\/div>\n\t\t\t\t\t<\/div>\n\n\t\t\t\t\n\t\t\t\t\t\t\t<\/div>\n\n\t\t\t\t\t\t\t\n\t\t\t\t\t<\/div>\n\n\n\t\t\t\t\t\t\t\t\t<\/div>\n\t\t\t\t<\/div>\n\t\t\t\t\t<\/div>\n\t\t<\/div>\n\t\t\t\t\t<\/div>\n\t\t<\/section>\n\t\t\t\t<section class=\"elementor-section elementor-top-section elementor-element elementor-element-4d88859 elementor-section-full_width elementor-section-height-default elementor-section-height-default jltma-glass-effect-no\" data-id=\"4d88859\" data-element_type=\"section\" data-settings=\"{&quot;background_background&quot;:&quot;classic&quot;}\">\n\t\t\t\t\t\t<div class=\"elementor-container elementor-column-gap-default\">\n\t\t\t\t\t<div class=\"elementor-column elementor-col-100 elementor-top-column elementor-element elementor-element-23f8b60 jltma-glass-effect-no\" data-id=\"23f8b60\" data-element_type=\"column\">\n\t\t\t<div class=\"elementor-widget-wrap elementor-element-populated\">\n\t\t\t\t\t\t<div class=\"elementor-element elementor-element-4877545 jltma-glass-effect-no elementor-widget elementor-widget-heading\" data-id=\"4877545\" data-element_type=\"widget\" data-widget_type=\"heading.default\">\n\t\t\t\t<div class=\"elementor-widget-container\">\n\t\t\t\t\t<h2 class=\"elementor-heading-title elementor-size-default\">Eventos<\/h2>\t\t\t\t<\/div>\n\t\t\t\t<\/div>\n\t\t\t\t<div class=\"elementor-element elementor-element-04c05cd jltma-navigation-type-arrows jltma-carousel-style-carousel jltma-glass-effect-no elementor-widget elementor-widget-ma-blog-post\" data-id=\"04c05cd\" data-element_type=\"widget\" data-settings=\"{&quot;ma_el_post_grid_layout&quot;:&quot;list&quot;,&quot;autoheight&quot;:&quot;yes&quot;,&quot;item_gap&quot;:{&quot;unit&quot;:&quot;px&quot;,&quot;size&quot;:35,&quot;sizes&quot;:[]},&quot;item_gap_tablet&quot;:{&quot;unit&quot;:&quot;px&quot;,&quot;size&quot;:35,&quot;sizes&quot;:[]},&quot;item_gap_mobile&quot;:{&quot;unit&quot;:&quot;px&quot;,&quot;size&quot;:20,&quot;sizes&quot;:[]}}\" data-widget_type=\"ma-blog-post.default\">\n\t\t\t\t<div class=\"elementor-widget-container\">\n\t\t\t\t\t\n\t\t\t\t\t\t\t\t\t\t\t<div class=\"jltma-blog\">\n\n\t\t\t\t\t\t\t\n\n\t\t\t\t\t\t\t<div class=\"jltma-blog-wrapper jltma-blog-list jltma-row\">\n\n\t\t\t\t\t\t\t\t\n\t\t\t\t\t\t<div class=\"jltma-post-outer-container jltma-col-6\">\n\t\t\t\t\n\n\t\t\t\t<div class=\"jltma-blog-post    jltma-blog-list-button-right             cards\">\n\n\t\t\t\t\t\t\t\t\t\t\t<div class=\"jltma-row\">\n\t\t\t\t\t\t\t<div class=\"jltma-col-6\">\n\t\t\t\t\t\t\t\n\t\t\t\t\t\t\t\n\t\t\t\t\t\t\t\t\n\t\t\t\t\t\t\t\t\t\n\t\t\t\t\t\t\t\t\t\t\n\t\t\t\t\t\t\t\t\t\t\t<div class=\"elementor-animation-grow\">\n\t\t\t\t\t\t\t<div\n\t\t\t\t\t\t\t\tclass=\"jltma-post-thumbnail jltma-img-none jltma-img-shape-none\">\n\t\t\t\t\t\t\t\t<a href=\"https:\/\/palavras27.oeiras.pt\/?p=6287\" target=\"_self\">\n\t\t\t\t\t\t\t\t\t<img decoding=\"async\" width=\"1200\" height=\"800\" src=\"https:\/\/palavras27.oeiras.pt\/wp-content\/uploads\/2021\/03\/pol.png\" class=\"attachment-full size-full wp-post-image\" alt=\"\" srcset=\"https:\/\/palavras27.oeiras.pt\/wp-content\/uploads\/2021\/03\/pol.png 1200w, https:\/\/palavras27.oeiras.pt\/wp-content\/uploads\/2021\/03\/pol-300x200.png 300w, https:\/\/palavras27.oeiras.pt\/wp-content\/uploads\/2021\/03\/pol-1024x683.png 1024w, https:\/\/palavras27.oeiras.pt\/wp-content\/uploads\/2021\/03\/pol-768x512.png 768w, https:\/\/palavras27.oeiras.pt\/wp-content\/uploads\/2021\/03\/pol-391x260.png 391w, https:\/\/palavras27.oeiras.pt\/wp-content\/uploads\/2021\/03\/pol-930x620.png 930w\" sizes=\"(max-width: 1200px) 100vw, 1200px\" \/>\t\t\t\t\t\t\t\t<\/a>\n\t\t\t\t\t\t\t\t\t\t\t\t\t\t\t<\/div>\n\t\t\t\t\t\t<\/div>\n\t\t\t\t\t\n\t\t\t\t\n\t\t\t\t\t\t\t\t\t\t<div\n\t\t\t\t\t\t\t\t\t\t\tclass=\"jltma-blog-effect-container jltma-blog-none-effect\">\n\t\t\t\t\t\t\t\t\t\t\t<a class=\"jltma-post-link\" href=\"https:\/\/palavras27.oeiras.pt\/?p=6287\"\n\t\t\t\t\t\t\t\t\t\t\t\ttarget=\"_self\"><\/a>\n\t\t\t\t\t\t\t\t\t\t\t\t\t\t\t\t\t\t\t\t\t<\/div>\n\n\n\n\t\t\t\t\t\t\t\t\t\t\n\t\t\t\t\t\t\t\t\t\t\t\t\t\t\t\t\t\t<\/div>\n\t\t\t\t\t\t\t\t\t<div class=\"jltma-col-6\">\n\t\t\t\t\t\t\t\t\t\n\t\t\t\t\t\t\t\t\t\n\n\n\t\t\t\t\t\t\t\t\t\n\t\t\t\t\t\t\t\t\t\t\n\t\t\t\t\t\t\t\t\t\t\t\n\t\t\t\t\t\t\t\t\t\t\t\t<div class=\"jltma-post-content \">\n\n\t\t\t\t\t\t\t\t\t\t\t\t\t<div class=\"jltma-blog-inner-container\">\n\n\t\t\t\t\t\t\t\t\t\t\t\t\t\t\n\t\t\t\t\t\t\t\t\t\t\t\t\t\t<div class=\"jltma-blog-entry-container\">\n\t\t\t\t\t\t\t\t\t\t\t\t\t\t\t\n\t\t\t<h2 class=\"jltma-entry-title\">\n\t\t\t\t<a href=\"https:\/\/palavras27.oeiras.pt\/?p=6287\" target=\"_self\">2022 Poetry Out Loud<\/a>\n\t\t\t<\/h2>\n\n\t\t\t\t\t\t\t\t\t\t\t\t\t\t\t\t<\/div>\n\t\t\t\t\t\t\t\t\t\t\t\t\t<\/div>\n\n\n\t\t\t\t\t\t\t\t\t\t\t\t\t\n\t\t\t\t\t\t\t\t\t\t\t\t\t\t\t<div class=\"jltma-blog-post-content-wrap\" style=\"margin-left:0px;\">\n\t\t\t<p>\nPoetry Out Loud \u00e9 um programa educativo Norte Americano que <br> <a href=\"https:\/\/palavras27.oeiras.pt\/?p=6287\" class=\"jltma-post-btn\">Ler mais<\/a><\/p>\t\t<\/div>\n\t\t\n\t\t\t\t\t\t\t\t\t\t\t\t\t\t\t\t\t\t\t\t\t\t\t\t\t\t\t<div class=\"jltma-blog-post-tags-container\" style=\"margin-left:0px;\">\n\t\t\t\t\t\t\t\t\t\t\t\t\t\t\t<span class=\"jltma-blog-post-tags\">\n\n\t\t\t\t\t\t\t\t\t\t\t\t\t\t\t\t\n\t\t\t\t\t\t\t\t\t\t\t\t\t\t\t\t <a href=\"https:\/\/palavras27.oeiras.pt\/?tag=evento\" rel=\"tag\">Evento<\/a>\t\t\t\t\t\t\t\t\t\t\t\t\t\t\t<\/span>\n\t\t\t\t\t\t\t\t\t\t\t\t\t\t<\/div>\n\t\t\t\t\t\t\t\t\t\t\t\t\t\t\t\t\t\t\t\t\t\t\t\t\t<\/div>\n\n\n\t\t\t\t\t\t\t\t\t\t\t\t\n\t\t\t\t\t\t\t\t\t\t\t\n\n\t\t\t\t\t\t\t\t\t\n\t\t\t\t\t\t\t\t\t<\/div> <!-- .col-6 -->\n\t\t\t\t\t\t\t\t<\/div> <!-- .row -->\n\t\t\t\t\t\t\t\n\n\t\t\t\t\t\t<\/div>\n\t\t\t\t\t<\/div>\n\n\t\t\t\t\n\t\t\t\t\t\t\t<\/div>\n\n\t\t\t\t\t\t\t\n\t\t\t\t\t<\/div>\n\n\n\t\t\t\t\t\t\t\t\t<\/div>\n\t\t\t\t<\/div>\n\t\t\t\t\t<\/div>\n\t\t<\/div>\n\t\t\t\t\t<\/div>\n\t\t<\/section>\n\t\t\t\t<section class=\"elementor-section elementor-top-section elementor-element elementor-element-0f9f478 elementor-section-full_width elementor-section-height-default elementor-section-height-default jltma-glass-effect-no\" data-id=\"0f9f478\" data-element_type=\"section\" data-settings=\"{&quot;background_background&quot;:&quot;classic&quot;}\">\n\t\t\t\t\t\t<div class=\"elementor-container elementor-column-gap-default\">\n\t\t\t\t\t<div class=\"elementor-column elementor-col-100 elementor-top-column elementor-element elementor-element-0c10023 jltma-glass-effect-no\" data-id=\"0c10023\" data-element_type=\"column\">\n\t\t\t<div class=\"elementor-widget-wrap elementor-element-populated\">\n\t\t\t\t\t\t<div class=\"elementor-element elementor-element-6ae862b jltma-glass-effect-no elementor-widget elementor-widget-heading\" data-id=\"6ae862b\" data-element_type=\"widget\" data-widget_type=\"heading.default\">\n\t\t\t\t<div class=\"elementor-widget-container\">\n\t\t\t\t\t<h2 class=\"elementor-heading-title elementor-size-default\">Sites<\/h2>\t\t\t\t<\/div>\n\t\t\t\t<\/div>\n\t\t\t\t<div class=\"elementor-element elementor-element-26c4f64 jltma-navigation-type-arrows jltma-carousel-style-carousel jltma-glass-effect-no elementor-widget elementor-widget-ma-blog-post\" data-id=\"26c4f64\" data-element_type=\"widget\" data-settings=\"{&quot;ma_el_post_grid_layout&quot;:&quot;list&quot;,&quot;autoheight&quot;:&quot;yes&quot;,&quot;item_gap&quot;:{&quot;unit&quot;:&quot;px&quot;,&quot;size&quot;:35,&quot;sizes&quot;:[]},&quot;item_gap_tablet&quot;:{&quot;unit&quot;:&quot;px&quot;,&quot;size&quot;:35,&quot;sizes&quot;:[]},&quot;item_gap_mobile&quot;:{&quot;unit&quot;:&quot;px&quot;,&quot;size&quot;:20,&quot;sizes&quot;:[]}}\" data-widget_type=\"ma-blog-post.default\">\n\t\t\t\t<div class=\"elementor-widget-container\">\n\t\t\t\t\t\n\t\t\t\t\t\t\t\t\t\t\t<div class=\"jltma-blog\">\n\n\t\t\t\t\t\t\t\n\n\t\t\t\t\t\t\t<div class=\"jltma-blog-wrapper jltma-blog-list jltma-row\">\n\n\t\t\t\t\t\t\t\t\n\t\t\t\t\t\t<div class=\"jltma-post-outer-container jltma-col-6\">\n\t\t\t\t\n\n\t\t\t\t<div class=\"jltma-blog-post    jltma-blog-list-button-right             cards\">\n\n\t\t\t\t\t\t\t\t\t\t\t<div class=\"jltma-row\">\n\t\t\t\t\t\t\t<div class=\"jltma-col-6\">\n\t\t\t\t\t\t\t\n\t\t\t\t\t\t\t\n\t\t\t\t\t\t\t\t\n\t\t\t\t\t\t\t\t\t\n\t\t\t\t\t\t\t\t\t\t\n\t\t\t\t\t\t\t\t\t\t\t<div class=\"elementor-animation-grow\">\n\t\t\t\t\t\t\t<div\n\t\t\t\t\t\t\t\tclass=\"jltma-post-thumbnail jltma-img-none jltma-img-shape-none\">\n\t\t\t\t\t\t\t\t<a href=\"https:\/\/palavras27.oeiras.pt\/?p=6269\" target=\"_self\">\n\t\t\t\t\t\t\t\t\t<img loading=\"lazy\" decoding=\"async\" width=\"1200\" height=\"800\" src=\"https:\/\/palavras27.oeiras.pt\/wp-content\/uploads\/2021\/03\/lyrikline.png\" class=\"attachment-full size-full wp-post-image\" alt=\"\" srcset=\"https:\/\/palavras27.oeiras.pt\/wp-content\/uploads\/2021\/03\/lyrikline.png 1200w, https:\/\/palavras27.oeiras.pt\/wp-content\/uploads\/2021\/03\/lyrikline-300x200.png 300w, https:\/\/palavras27.oeiras.pt\/wp-content\/uploads\/2021\/03\/lyrikline-1024x683.png 1024w, https:\/\/palavras27.oeiras.pt\/wp-content\/uploads\/2021\/03\/lyrikline-768x512.png 768w, https:\/\/palavras27.oeiras.pt\/wp-content\/uploads\/2021\/03\/lyrikline-391x260.png 391w, https:\/\/palavras27.oeiras.pt\/wp-content\/uploads\/2021\/03\/lyrikline-930x620.png 930w\" sizes=\"(max-width: 1200px) 100vw, 1200px\" \/>\t\t\t\t\t\t\t\t<\/a>\n\t\t\t\t\t\t\t\t\t\t\t\t\t\t\t<\/div>\n\t\t\t\t\t\t<\/div>\n\t\t\t\t\t\n\t\t\t\t\n\t\t\t\t\t\t\t\t\t\t<div\n\t\t\t\t\t\t\t\t\t\t\tclass=\"jltma-blog-effect-container jltma-blog-none-effect\">\n\t\t\t\t\t\t\t\t\t\t\t<a class=\"jltma-post-link\" href=\"https:\/\/palavras27.oeiras.pt\/?p=6269\"\n\t\t\t\t\t\t\t\t\t\t\t\ttarget=\"_self\"><\/a>\n\t\t\t\t\t\t\t\t\t\t\t\t\t\t\t\t\t\t\t\t\t<\/div>\n\n\n\n\t\t\t\t\t\t\t\t\t\t\n\t\t\t\t\t\t\t\t\t\t\t\t\t\t\t\t\t\t<\/div>\n\t\t\t\t\t\t\t\t\t<div class=\"jltma-col-6\">\n\t\t\t\t\t\t\t\t\t\n\t\t\t\t\t\t\t\t\t\n\n\n\t\t\t\t\t\t\t\t\t\n\t\t\t\t\t\t\t\t\t\t\n\t\t\t\t\t\t\t\t\t\t\t\n\t\t\t\t\t\t\t\t\t\t\t\t<div class=\"jltma-post-content \">\n\n\t\t\t\t\t\t\t\t\t\t\t\t\t<div class=\"jltma-blog-inner-container\">\n\n\t\t\t\t\t\t\t\t\t\t\t\t\t\t\n\t\t\t\t\t\t\t\t\t\t\t\t\t\t<div class=\"jltma-blog-entry-container\">\n\t\t\t\t\t\t\t\t\t\t\t\t\t\t\t\n\t\t\t<h2 class=\"jltma-entry-title\">\n\t\t\t\t<a href=\"https:\/\/palavras27.oeiras.pt\/?p=6269\" target=\"_self\">LYRIKLINE<\/a>\n\t\t\t<\/h2>\n\n\t\t\t\t\t\t\t\t\t\t\t\t\t\t\t\t<\/div>\n\t\t\t\t\t\t\t\t\t\t\t\t\t<\/div>\n\n\n\t\t\t\t\t\t\t\t\t\t\t\t\t\n\t\t\t\t\t\t\t\t\t\t\t\t\t\t\t<div class=\"jltma-blog-post-content-wrap\" style=\"margin-left:0px;\">\n\t\t\t<p>\nlyrikline \u00e9 um site internacional para experienciar a diversidade da <br> <a href=\"https:\/\/palavras27.oeiras.pt\/?p=6269\" class=\"jltma-post-btn\">Ler mais<\/a><\/p>\t\t<\/div>\n\t\t\n\t\t\t\t\t\t\t\t\t\t\t\t\t\t\t\t\t\t\t\t\t\t\t\t\t\t\t<div class=\"jltma-blog-post-tags-container\" style=\"margin-left:0px;\">\n\t\t\t\t\t\t\t\t\t\t\t\t\t\t\t<span class=\"jltma-blog-post-tags\">\n\n\t\t\t\t\t\t\t\t\t\t\t\t\t\t\t\t\n\t\t\t\t\t\t\t\t\t\t\t\t\t\t\t\t <a href=\"https:\/\/palavras27.oeiras.pt\/?tag=site\" rel=\"tag\">Site<\/a>\t\t\t\t\t\t\t\t\t\t\t\t\t\t\t<\/span>\n\t\t\t\t\t\t\t\t\t\t\t\t\t\t<\/div>\n\t\t\t\t\t\t\t\t\t\t\t\t\t\t\t\t\t\t\t\t\t\t\t\t\t<\/div>\n\n\n\t\t\t\t\t\t\t\t\t\t\t\t\n\t\t\t\t\t\t\t\t\t\t\t\n\n\t\t\t\t\t\t\t\t\t\n\t\t\t\t\t\t\t\t\t<\/div> <!-- .col-6 -->\n\t\t\t\t\t\t\t\t<\/div> <!-- .row -->\n\t\t\t\t\t\t\t\n\n\t\t\t\t\t\t<\/div>\n\t\t\t\t\t<\/div>\n\n\t\t\t\t\n\t\t\t\t\t\t\t<\/div>\n\n\t\t\t\t\t\t\t\n\t\t\t\t\t<\/div>\n\n\n\t\t\t\t\t\t\t\t\t<\/div>\n\t\t\t\t<\/div>\n\t\t\t\t\t<\/div>\n\t\t<\/div>\n\t\t\t\t\t<\/div>\n\t\t<\/section>\n\t\t\t\t<\/div>\n\t\t","protected":false},"excerpt":{"rendered":"<p>Not\u00edcias Grammy&#8217;s 2023 para melhor \u00e1lbum de poesia A Recording Academy, respons\u00e1vel pela atribui\u00e7\u00e3o dos pr\u00e9mios GRAMMYs anunciou Ler mais Projetos N\u00e3o sei o que o amanh\u00e3 trar\u00e1 \u201cN\u00e3o sei o que o amanh\u00e3 trar\u00e1 \u2013 um passeio Ler mais Projeto Eventos 2022 Poetry Out Loud Poetry Out Loud \u00e9 um programa educativo Norte Americano&hellip;&nbsp;<a href=\"https:\/\/palavras27.oeiras.pt\/?p=6269\" rel=\"bookmark\">Ler mais &raquo;<span class=\"screen-reader-text\">LYRIKLINE<\/span><\/a><\/p>\n","protected":false},"author":2,"featured_media":0,"parent":0,"menu_order":0,"comment_status":"closed","ping_status":"closed","template":"page-templates\/template-pagebuilder-full-width.php","meta":{"_monsterinsights_skip_tracking":false,"_monsterinsights_sitenote_active":false,"_monsterinsights_sitenote_note":"","_monsterinsights_sitenote_category":0,"neve_meta_sidebar":"full-width","neve_meta_container":"","neve_meta_enable_content_width":"on","neve_meta_content_width":100,"neve_meta_title_alignment":"","neve_meta_author_avatar":"","neve_post_elements_order":"","neve_meta_disable_header":"","neve_meta_disable_footer":"","neve_meta_disable_title":"","footnotes":""},"class_list":["post-7185","page","type-page","status-publish","hentry"],"aioseo_notices":[],"_links":{"self":[{"href":"https:\/\/palavras27.oeiras.pt\/index.php?rest_route=\/wp\/v2\/pages\/7185","targetHints":{"allow":["GET"]}}],"collection":[{"href":"https:\/\/palavras27.oeiras.pt\/index.php?rest_route=\/wp\/v2\/pages"}],"about":[{"href":"https:\/\/palavras27.oeiras.pt\/index.php?rest_route=\/wp\/v2\/types\/page"}],"author":[{"embeddable":true,"href":"https:\/\/palavras27.oeiras.pt\/index.php?rest_route=\/wp\/v2\/users\/2"}],"replies":[{"embeddable":true,"href":"https:\/\/palavras27.oeiras.pt\/index.php?rest_route=%2Fwp%2Fv2%2Fcomments&post=7185"}],"version-history":[{"count":133,"href":"https:\/\/palavras27.oeiras.pt\/index.php?rest_route=\/wp\/v2\/pages\/7185\/revisions"}],"predecessor-version":[{"id":17960,"href":"https:\/\/palavras27.oeiras.pt\/index.php?rest_route=\/wp\/v2\/pages\/7185\/revisions\/17960"}],"wp:attachment":[{"href":"https:\/\/palavras27.oeiras.pt\/index.php?rest_route=%2Fwp%2Fv2%2Fmedia&parent=7185"}],"curies":[{"name":"wp","href":"https:\/\/api.w.org\/{rel}","templated":true}]}}