{"id":8142,"date":"2021-03-12T09:26:03","date_gmt":"2021-03-12T09:26:03","guid":{"rendered":"https:\/\/palavras27.oeiras.pt\/?page_id=8142"},"modified":"2024-04-02T11:40:42","modified_gmt":"2024-04-02T10:40:42","slug":"julio-quaresma","status":"publish","type":"page","link":"https:\/\/palavras27.oeiras.pt\/?page_id=8142","title":{"rendered":"J\u00falio Quaresma"},"content":{"rendered":"\t\t<div data-elementor-type=\"wp-page\" data-elementor-id=\"8142\" class=\"elementor elementor-8142\">\n\t\t\t\t\t\t<section class=\"elementor-section elementor-top-section elementor-element elementor-element-4e6fac7f elementor-section-full_width elementor-section-height-min-height elementor-section-height-default elementor-section-items-middle jltma-glass-effect-no\" data-id=\"4e6fac7f\" data-element_type=\"section\" data-settings=\"{&quot;background_background&quot;:&quot;classic&quot;}\">\n\t\t\t\t\t\t<div class=\"elementor-container elementor-column-gap-default\">\n\t\t\t\t\t<div class=\"elementor-column elementor-col-100 elementor-top-column elementor-element elementor-element-4441f953 jltma-glass-effect-no\" data-id=\"4441f953\" data-element_type=\"column\">\n\t\t\t<div class=\"elementor-widget-wrap elementor-element-populated\">\n\t\t\t\t\t\t<div class=\"elementor-element elementor-element-0654afd jltma-glass-effect-no elementor-widget elementor-widget-text-editor\" data-id=\"0654afd\" data-element_type=\"widget\" data-widget_type=\"text-editor.default\">\n\t\t\t\t<div class=\"elementor-widget-container\">\n\t\t\t\t\t\t\t\t\t<p>Escultor<\/p>\t\t\t\t\t\t\t\t<\/div>\n\t\t\t\t<\/div>\n\t\t\t\t<section class=\"elementor-section elementor-inner-section elementor-element elementor-element-342cc182 elementor-section-full_width elementor-section-height-default elementor-section-height-default jltma-glass-effect-no\" data-id=\"342cc182\" data-element_type=\"section\">\n\t\t\t\t\t\t<div class=\"elementor-container elementor-column-gap-default\">\n\t\t\t\t\t<div class=\"elementor-column elementor-col-50 elementor-inner-column elementor-element elementor-element-7332b5c3 jltma-glass-effect-no\" data-id=\"7332b5c3\" data-element_type=\"column\">\n\t\t\t<div class=\"elementor-widget-wrap\">\n\t\t\t\t\t\t\t<\/div>\n\t\t<\/div>\n\t\t\t\t<div class=\"elementor-column elementor-col-50 elementor-inner-column elementor-element elementor-element-eaf7a46 jltma-glass-effect-no\" data-id=\"eaf7a46\" data-element_type=\"column\">\n\t\t\t<div class=\"elementor-widget-wrap elementor-element-populated\">\n\t\t\t\t\t\t<div class=\"elementor-element elementor-element-f0690ce jltma-glass-effect-no elementor-widget elementor-widget-text-editor\" data-id=\"f0690ce\" data-element_type=\"widget\" data-widget_type=\"text-editor.default\">\n\t\t\t\t<div class=\"elementor-widget-container\">\n\t\t\t\t\t\t\t\t\t<p style=\"text-align: left;\">J\u00falio C\u00e9sar Gon\u00e7alves Quaresma, \u00e9 um arquiteto, artista pl\u00e1stico e cr\u00edtico de arte, tendo frequentado no Ar.Co o curso de Desenho e Pintura. \u00c9 licenciado em Arquitetura e em Cenografia. Em 93, na Faculdade de Arquitetura da Universidade T\u00e9cnica de Lisboa concluiu, com distin\u00e7\u00e3o, o mestrado em Tecnologia da Arquitetura e Qualidade Ambiental.<\/p>\t\t\t\t\t\t\t\t<\/div>\n\t\t\t\t<\/div>\n\t\t\t\t<div class=\"elementor-element elementor-element-216a5a88 elementor-widget-mobile__width-inherit jltma-glass-effect-no elementor-widget elementor-widget-heading\" data-id=\"216a5a88\" data-element_type=\"widget\" data-widget_type=\"heading.default\">\n\t\t\t\t<div class=\"elementor-widget-container\">\n\t\t\t\t\t<h2 class=\"elementor-heading-title elementor-size-default\">1958 | escultor<\/h2>\t\t\t\t<\/div>\n\t\t\t\t<\/div>\n\t\t\t\t\t<\/div>\n\t\t<\/div>\n\t\t\t\t\t<\/div>\n\t\t<\/section>\n\t\t\t\t<section class=\"elementor-section elementor-inner-section elementor-element elementor-element-1ee02d47 elementor-section-full_width elementor-section-content-bottom elementor-section-height-default elementor-section-height-default jltma-glass-effect-no\" data-id=\"1ee02d47\" data-element_type=\"section\">\n\t\t\t\t\t\t<div class=\"elementor-container elementor-column-gap-narrow\">\n\t\t\t\t\t<div class=\"elementor-column elementor-col-50 elementor-inner-column elementor-element elementor-element-7ccc4343 jltma-glass-effect-no\" data-id=\"7ccc4343\" data-element_type=\"column\">\n\t\t\t<div class=\"elementor-widget-wrap elementor-element-populated\">\n\t\t\t\t\t\t<div class=\"elementor-element elementor-element-4ee86e2e jltma-glass-effect-no elementor-widget elementor-widget-text-editor\" data-id=\"4ee86e2e\" data-element_type=\"widget\" data-widget_type=\"text-editor.default\">\n\t\t\t\t<div class=\"elementor-widget-container\">\n\t\t\t\t\t\t\t\t\t<p>foto: Carlos Santos<\/p>\t\t\t\t\t\t\t\t<\/div>\n\t\t\t\t<\/div>\n\t\t\t\t\t<\/div>\n\t\t<\/div>\n\t\t\t\t<div class=\"elementor-column elementor-col-50 elementor-inner-column elementor-element elementor-element-3f658bcf jltma-glass-effect-no\" data-id=\"3f658bcf\" data-element_type=\"column\">\n\t\t\t<div class=\"elementor-widget-wrap\">\n\t\t\t\t\t\t\t<\/div>\n\t\t<\/div>\n\t\t\t\t\t<\/div>\n\t\t<\/section>\n\t\t\t\t\t<\/div>\n\t\t<\/div>\n\t\t\t\t\t<\/div>\n\t\t<\/section>\n\t\t\t\t<section class=\"elementor-section elementor-top-section elementor-element elementor-element-19de3f06 elementor-section-full_width elementor-section-height-default elementor-section-height-default jltma-glass-effect-no\" data-id=\"19de3f06\" data-element_type=\"section\" data-settings=\"{&quot;background_background&quot;:&quot;classic&quot;}\">\n\t\t\t\t\t\t<div class=\"elementor-container elementor-column-gap-no\">\n\t\t\t\t\t<div class=\"elementor-column elementor-col-66 elementor-top-column elementor-element elementor-element-2240d03e jltma-glass-effect-no\" data-id=\"2240d03e\" data-element_type=\"column\">\n\t\t\t<div class=\"elementor-widget-wrap elementor-element-populated\">\n\t\t\t\t\t\t<div class=\"elementor-element elementor-element-15ec2115 jltma-glass-effect-no elementor-widget elementor-widget-heading\" data-id=\"15ec2115\" data-element_type=\"widget\" data-widget_type=\"heading.default\">\n\t\t\t\t<div class=\"elementor-widget-container\">\n\t\t\t\t\t<h4 class=\"elementor-heading-title elementor-size-default\">vida e obra<\/h4>\t\t\t\t<\/div>\n\t\t\t\t<\/div>\n\t\t\t\t<div class=\"elementor-element elementor-element-7dcb8afd jltma-glass-effect-no elementor-widget elementor-widget-text-editor\" data-id=\"7dcb8afd\" data-element_type=\"widget\" data-widget_type=\"text-editor.default\">\n\t\t\t\t<div class=\"elementor-widget-container\">\n\t\t\t\t\t\t\t\t\t<p>J\u00falio C\u00e9sar Gon\u00e7alves Quaresma nasceu em Angola, em 1958.<\/p><p>Em Lisboa, em 79, faz o curso de Pintura e Desenho pela AR-Co, em 81 a Licenciatura em Arquitetura pela Escola Superior de Belas Artes de Lisboa e em 83 a Licenciatura em cenografia do Curso Superior de Teatro no Conservat\u00f3rio Nacional de Lisboa. Em 93, na Faculdade de Arquitetura da Universidade T\u00e9cnica de Lisboa conclu\u00ed, com distin\u00e7\u00e3o, o mestrado em Tecnologia da Arquitetura e Qualidade Ambiental, com a tese \u201cA Arquitetura do Afeto\u201d e em 94 a P\u00f3s-Gradua\u00e7\u00e3o de \u201cReabilita\u00e7\u00e3o de Centros Urbanos\u201d A.R.C.A.\/E.T.A.C. em Coimbra. Est\u00e1 neste momento a fazer a tese de doutoramento no Polit\u00e9cnico de Val\u00eancia .\u00a0<\/p><p>Arquiteto coordenador em projetos internacionais, entre os quais, a Catedral de \u201cMuxima\u201d, o maior Centro Mariano em \u00c1frica. Projeto sustent\u00e1vel, \u00fanico, em que a cobertura da igreja, em pain\u00e9is solares funciona como centro de energia de toda a cidade.<\/p><p>Muito comprometido com a atividade de solidariedade, em 2014 foi indigitado Ministro da Solidariedade e Assuntos Sociais da Ordem Soberana de San Juan de Jerusal\u00e9m, da qual, desde 2010 \u00e9 Embaixador em Angola.<\/p><p>A sua atividade reparte-se entre a Arquitetura e o Design, onde desenvolveu algumas linhas de mobili\u00e1ria e cristais, a cenografia para teatro e moda; as ilustra\u00e7\u00f5es; a doc\u00eancia na Escola Art\u00edstica Ant\u00f3nio Arroio e como professor assistente do curso de Arquitetura da Universidade Lus\u00f3fona.<\/p><p>Deu confer\u00eancias e participou em diversas bienais. Exp\u00f4s individualmente em v\u00e1rios museus e foi galardoado diversas vezes.<\/p>\t\t\t\t\t\t\t\t<\/div>\n\t\t\t\t<\/div>\n\t\t\t\t<div class=\"elementor-element elementor-element-b582cf2 jltma-glass-effect-no elementor-widget elementor-widget-heading\" data-id=\"b582cf2\" data-element_type=\"widget\" data-widget_type=\"heading.default\">\n\t\t\t\t<div class=\"elementor-widget-container\">\n\t\t\t\t\t<h4 class=\"elementor-heading-title elementor-size-default\">O escultor no Parque dos Poetas<\/h4>\t\t\t\t<\/div>\n\t\t\t\t<\/div>\n\t\t\t\t<div class=\"elementor-element elementor-element-9120d1d elementor-arrows-position-inside jltma-glass-effect-no elementor-widget elementor-widget-image-carousel\" data-id=\"9120d1d\" data-element_type=\"widget\" data-settings=\"{&quot;navigation&quot;:&quot;arrows&quot;,&quot;autoplay&quot;:&quot;yes&quot;,&quot;pause_on_hover&quot;:&quot;yes&quot;,&quot;pause_on_interaction&quot;:&quot;yes&quot;,&quot;autoplay_speed&quot;:5000,&quot;infinite&quot;:&quot;yes&quot;,&quot;speed&quot;:500}\" data-widget_type=\"image-carousel.default\">\n\t\t\t\t<div class=\"elementor-widget-container\">\n\t\t\t\t\t\t\t<div class=\"elementor-image-carousel-wrapper swiper\" role=\"region\" aria-roledescription=\"carousel\" aria-label=\"Carrossel de imagens\" dir=\"ltr\">\n\t\t\t<div class=\"elementor-image-carousel swiper-wrapper\" aria-live=\"off\">\n\t\t\t\t\t\t\t\t<div class=\"swiper-slide\" role=\"group\" aria-roledescription=\"slide\" aria-label=\"1 of 6\"><figure class=\"swiper-slide-inner\"><img decoding=\"async\" class=\"swiper-slide-image\" src=\"https:\/\/palavras27.oeiras.pt\/wp-content\/uploads\/2021\/02\/CM270629-22_18_alda_lara-474x324.jpg\" alt=\"Parque dos Poetas - 2\u00aa fase A\" \/><\/figure><\/div><div class=\"swiper-slide\" role=\"group\" aria-roledescription=\"slide\" aria-label=\"2 of 6\"><figure class=\"swiper-slide-inner\"><img decoding=\"async\" class=\"swiper-slide-image\" src=\"https:\/\/palavras27.oeiras.pt\/wp-content\/uploads\/2021\/02\/CM270629-22_18_alda_lara01-474x324.jpg\" alt=\"Parque dos Poetas - 2\u00aa fase A\" \/><\/figure><\/div><div class=\"swiper-slide\" role=\"group\" aria-roledescription=\"slide\" aria-label=\"3 of 6\"><figure class=\"swiper-slide-inner\"><img decoding=\"async\" class=\"swiper-slide-image\" src=\"https:\/\/palavras27.oeiras.pt\/wp-content\/uploads\/2021\/02\/CM270629-22_18_alda_lara02-474x324.jpg\" alt=\"Parque dos Poetas - 2\u00aa fase A\" \/><\/figure><\/div><div class=\"swiper-slide\" role=\"group\" aria-roledescription=\"slide\" aria-label=\"4 of 6\"><figure class=\"swiper-slide-inner\"><img decoding=\"async\" class=\"swiper-slide-image\" src=\"https:\/\/palavras27.oeiras.pt\/wp-content\/uploads\/2021\/02\/Alda_lara01-474x324.jpg\" alt=\"Alda_lara01\" \/><\/figure><\/div><div class=\"swiper-slide\" role=\"group\" aria-roledescription=\"slide\" aria-label=\"5 of 6\"><figure class=\"swiper-slide-inner\"><img decoding=\"async\" class=\"swiper-slide-image\" src=\"https:\/\/palavras27.oeiras.pt\/wp-content\/uploads\/2021\/02\/CS173433_alda_lara-474x324.jpg\" alt=\"Alda Lara \u0096 Angola (1930\/1962)\nPoetas dos Pa\u00edses ou Territ\u00f3rios de Express\u00e3o ou Cultura Portuguesa\nParque dos Poetas (2\u00aa Fase A)\" \/><\/figure><\/div><div class=\"swiper-slide\" role=\"group\" aria-roledescription=\"slide\" aria-label=\"6 of 6\"><figure class=\"swiper-slide-inner\"><img decoding=\"async\" class=\"swiper-slide-image\" src=\"https:\/\/palavras27.oeiras.pt\/wp-content\/uploads\/2021\/03\/CM270633-24_19-474x324.jpg\" alt=\"Parque dos Poetas - 2\u00aa fase A\" \/><\/figure><\/div>\t\t\t<\/div>\n\t\t\t\t\t\t\t\t\t\t\t\t<div class=\"elementor-swiper-button elementor-swiper-button-prev\" role=\"button\" tabindex=\"0\">\n\t\t\t\t\t\t<i aria-hidden=\"true\" class=\"eicon-chevron-left\"><\/i>\t\t\t\t\t<\/div>\n\t\t\t\t\t<div class=\"elementor-swiper-button elementor-swiper-button-next\" role=\"button\" tabindex=\"0\">\n\t\t\t\t\t\t<i aria-hidden=\"true\" class=\"eicon-chevron-right\"><\/i>\t\t\t\t\t<\/div>\n\t\t\t\t\n\t\t\t\t\t\t\t\t\t<\/div>\n\t\t\t\t\t\t<\/div>\n\t\t\t\t<\/div>\n\t\t\t\t<div class=\"elementor-element elementor-element-1ec3523 jltma-glass-effect-no elementor-widget elementor-widget-text-editor\" data-id=\"1ec3523\" data-element_type=\"widget\" data-widget_type=\"text-editor.default\">\n\t\t\t\t<div class=\"elementor-widget-container\">\n\t\t\t\t\t\t\t\t\t<p>&#8220;Este \u00e9 o poema que eu escrevi<br \/>para as crian\u00e7as da minha terra!&#8230;<br \/>Para as crian\u00e7as negras,<br \/>e brancas,<br \/>e mesti\u00e7as,<br \/>sem distin\u00e7\u00e3o de cor&#8230;<br \/>comungando o Amor<br \/>que as unir\u00e1&#8230;&#8221;<\/p>\t\t\t\t\t\t\t\t<\/div>\n\t\t\t\t<\/div>\n\t\t\t\t<div class=\"elementor-element elementor-element-70489922 jltma-glass-effect-no elementor-widget elementor-widget-heading\" data-id=\"70489922\" data-element_type=\"widget\" data-widget_type=\"heading.default\">\n\t\t\t\t<div class=\"elementor-widget-container\">\n\t\t\t\t\t<h6 class=\"elementor-heading-title elementor-size-default\">excerto de \"O GRANDE POEMA\" | 1949<\/h6>\t\t\t\t<\/div>\n\t\t\t\t<\/div>\n\t\t\t\t<section class=\"elementor-section elementor-inner-section elementor-element elementor-element-2713f97c elementor-section-boxed elementor-section-height-default elementor-section-height-default jltma-glass-effect-no\" data-id=\"2713f97c\" data-element_type=\"section\">\n\t\t\t\t\t\t<div class=\"elementor-container elementor-column-gap-default\">\n\t\t\t\t\t<div class=\"elementor-column elementor-col-50 elementor-inner-column elementor-element elementor-element-5c49a656 jltma-glass-effect-no\" data-id=\"5c49a656\" data-element_type=\"column\">\n\t\t\t<div class=\"elementor-widget-wrap elementor-element-populated\">\n\t\t\t\t\t\t<div class=\"elementor-element elementor-element-73a88000 jltma-glass-effect-no elementor-widget elementor-widget-heading\" data-id=\"73a88000\" data-element_type=\"widget\" data-widget_type=\"heading.default\">\n\t\t\t\t<div class=\"elementor-widget-container\">\n\t\t\t\t\t<h6 class=\"elementor-heading-title elementor-size-default\">partilhar<\/h6>\t\t\t\t<\/div>\n\t\t\t\t<\/div>\n\t\t\t\t\t<\/div>\n\t\t<\/div>\n\t\t\t\t<div class=\"elementor-column elementor-col-50 elementor-inner-column elementor-element elementor-element-24e18a5a jltma-glass-effect-no\" data-id=\"24e18a5a\" data-element_type=\"column\">\n\t\t\t<div class=\"elementor-widget-wrap elementor-element-populated\">\n\t\t\t\t\t\t<div class=\"elementor-element elementor-element-145711b jltma-glass-effect-no elementor-widget elementor-widget-htmega-social-shere-addons\" data-id=\"145711b\" data-element_type=\"widget\" data-widget_type=\"htmega-social-shere-addons.default\">\n\t\t\t\t<div class=\"elementor-widget-container\">\n\t\t\t\t\t            <div class=\"htmega-social-share htmega-social-style-1\" >\n                <ul>\n                                            <li class=\"elementor-repeater-item-1e34032\" data-social=\"facebook\" > \n                            <i class=\"fab fa-facebook-f\"><\/i>                        <\/li>\n                                            <li class=\"elementor-repeater-item-e19b15d\" data-social=\"twitter\" > \n                            <i class=\"fab fa-twitter\"><\/i>                        <\/li>\n                                    <\/ul>\n            <\/div>\n        \t\t\t\t<\/div>\n\t\t\t\t<\/div>\n\t\t\t\t\t<\/div>\n\t\t<\/div>\n\t\t\t\t\t<\/div>\n\t\t<\/section>\n\t\t\t\t\t<\/div>\n\t\t<\/div>\n\t\t\t\t<div class=\"elementor-column elementor-col-33 elementor-top-column elementor-element elementor-element-621868e9 jltma-glass-effect-no\" data-id=\"621868e9\" data-element_type=\"column\">\n\t\t\t<div class=\"elementor-widget-wrap elementor-element-populated\">\n\t\t\t\t\t\t<div class=\"elementor-element elementor-element-7544cebb jltma-glass-effect-no elementor-widget elementor-widget-heading\" data-id=\"7544cebb\" data-element_type=\"widget\" data-widget_type=\"heading.default\">\n\t\t\t\t<div class=\"elementor-widget-container\">\n\t\t\t\t\t<h5 class=\"elementor-heading-title elementor-size-default\">conte\u00fado relacionado<\/h5>\t\t\t\t<\/div>\n\t\t\t\t<\/div>\n\t\t\t\t<section class=\"elementor-section elementor-inner-section elementor-element elementor-element-50786b67 elementor-section-full_width elementor-section-height-default elementor-section-height-default jltma-glass-effect-no\" data-id=\"50786b67\" data-element_type=\"section\" data-settings=\"{&quot;background_background&quot;:&quot;classic&quot;}\">\n\t\t\t\t\t\t<div class=\"elementor-container elementor-column-gap-no\">\n\t\t\t\t\t<div class=\"elementor-column elementor-col-100 elementor-inner-column elementor-element elementor-element-5a07e4b2 jltma-glass-effect-no\" data-id=\"5a07e4b2\" data-element_type=\"column\" data-settings=\"{&quot;background_background&quot;:&quot;classic&quot;}\">\n\t\t\t<div class=\"elementor-widget-wrap elementor-element-populated\">\n\t\t\t\t\t\t<div class=\"elementor-element elementor-element-4fbdc3a3 jltma-glass-effect-no elementor-widget elementor-widget-heading\" data-id=\"4fbdc3a3\" data-element_type=\"widget\" data-widget_type=\"heading.default\">\n\t\t\t\t<div class=\"elementor-widget-container\">\n\t\t\t\t\t<h2 class=\"elementor-heading-title elementor-size-default\">Nota Biogr\u00e1fica<\/h2>\t\t\t\t<\/div>\n\t\t\t\t<\/div>\n\t\t\t\t<div class=\"elementor-element elementor-element-671d3bf2 jltma-glass-effect-no elementor-widget elementor-widget-text-editor\" data-id=\"671d3bf2\" data-element_type=\"widget\" data-widget_type=\"text-editor.default\">\n\t\t\t\t<div class=\"elementor-widget-container\">\n\t\t\t\t\t\t\t\t\t<p>Nascimento: 1958 \u2013 Angola<\/p>\t\t\t\t\t\t\t\t<\/div>\n\t\t\t\t<\/div>\n\t\t\t\t\t<\/div>\n\t\t<\/div>\n\t\t\t\t\t<\/div>\n\t\t<\/section>\n\t\t\t\t<section class=\"elementor-section elementor-inner-section elementor-element elementor-element-5054db4e elementor-section-full_width elementor-section-height-default elementor-section-height-default jltma-glass-effect-no\" data-id=\"5054db4e\" data-element_type=\"section\" data-settings=\"{&quot;background_background&quot;:&quot;classic&quot;}\">\n\t\t\t\t\t\t<div class=\"elementor-container elementor-column-gap-no\">\n\t\t\t\t\t<div class=\"elementor-column elementor-col-100 elementor-inner-column elementor-element elementor-element-67d02d43 jltma-glass-effect-no\" data-id=\"67d02d43\" data-element_type=\"column\" data-settings=\"{&quot;background_background&quot;:&quot;classic&quot;}\">\n\t\t\t<div class=\"elementor-widget-wrap elementor-element-populated\">\n\t\t\t\t\t\t<div class=\"elementor-element elementor-element-209fb51e jltma-glass-effect-no elementor-widget elementor-widget-heading\" data-id=\"209fb51e\" data-element_type=\"widget\" data-widget_type=\"heading.default\">\n\t\t\t\t<div class=\"elementor-widget-container\">\n\t\t\t\t\t<h2 class=\"elementor-heading-title elementor-size-default\">Parque dos PoetaS<\/h2>\t\t\t\t<\/div>\n\t\t\t\t<\/div>\n\t\t\t\t<div class=\"elementor-element elementor-element-1b977e06 elementor-view-default jltma-glass-effect-no elementor-widget elementor-widget-icon\" data-id=\"1b977e06\" data-element_type=\"widget\" data-widget_type=\"icon.default\">\n\t\t\t\t<div class=\"elementor-widget-container\">\n\t\t\t\t\t\t\t<div class=\"elementor-icon-wrapper\">\n\t\t\t<div class=\"elementor-icon\">\n\t\t\t<i aria-hidden=\"true\" class=\"fas fa-leaf\"><\/i>\t\t\t<\/div>\n\t\t<\/div>\n\t\t\t\t\t\t<\/div>\n\t\t\t\t<\/div>\n\t\t\t\t<div class=\"elementor-element elementor-element-7d29420a jltma-glass-effect-no elementor-widget elementor-widget-text-editor\" data-id=\"7d29420a\" data-element_type=\"widget\" data-widget_type=\"text-editor.default\">\n\t\t\t\t<div class=\"elementor-widget-container\">\n\t\t\t\t\t\t\t\t\t<p>P\u00e9tala 34<\/p>\t\t\t\t\t\t\t\t<\/div>\n\t\t\t\t<\/div>\n\t\t\t\t<div class=\"elementor-element elementor-element-2a16ef2 elementor-view-default jltma-glass-effect-no elementor-widget elementor-widget-icon\" data-id=\"2a16ef2\" data-element_type=\"widget\" data-widget_type=\"icon.default\">\n\t\t\t\t<div class=\"elementor-widget-container\">\n\t\t\t\t\t\t\t<div class=\"elementor-icon-wrapper\">\n\t\t\t<div class=\"elementor-icon\">\n\t\t\t<i aria-hidden=\"true\" class=\"fas fa-feather-alt\"><\/i>\t\t\t<\/div>\n\t\t<\/div>\n\t\t\t\t\t\t<\/div>\n\t\t\t\t<\/div>\n\t\t\t\t<div class=\"elementor-element elementor-element-84168f1 jltma-glass-effect-no elementor-widget elementor-widget-text-editor\" data-id=\"84168f1\" data-element_type=\"widget\" data-widget_type=\"text-editor.default\">\n\t\t\t\t<div class=\"elementor-widget-container\">\n\t\t\t\t\t\t\t\t\t<p>Poeta: <a href=\"?page_id=3715\">Alda Lara<\/a><\/p>\t\t\t\t\t\t\t\t<\/div>\n\t\t\t\t<\/div>\n\t\t\t\t\t<\/div>\n\t\t<\/div>\n\t\t\t\t\t<\/div>\n\t\t<\/section>\n\t\t\t\t<section class=\"elementor-section elementor-inner-section elementor-element elementor-element-0010527 elementor-section-full_width elementor-section-height-default elementor-section-height-default jltma-glass-effect-no\" data-id=\"0010527\" data-element_type=\"section\" data-settings=\"{&quot;background_background&quot;:&quot;classic&quot;}\">\n\t\t\t\t\t\t<div class=\"elementor-container elementor-column-gap-no\">\n\t\t\t\t\t<div class=\"elementor-column elementor-col-100 elementor-inner-column elementor-element elementor-element-00557db jltma-glass-effect-no\" data-id=\"00557db\" data-element_type=\"column\" data-settings=\"{&quot;background_background&quot;:&quot;classic&quot;}\">\n\t\t\t<div class=\"elementor-widget-wrap elementor-element-populated\">\n\t\t\t\t\t\t<div class=\"elementor-element elementor-element-550cd4a jltma-glass-effect-no elementor-widget elementor-widget-heading\" data-id=\"550cd4a\" data-element_type=\"widget\" data-widget_type=\"heading.default\">\n\t\t\t\t<div class=\"elementor-widget-container\">\n\t\t\t\t\t<h2 class=\"elementor-heading-title elementor-size-default\">Localiza\u00e7\u00e3o<\/h2>\t\t\t\t<\/div>\n\t\t\t\t<\/div>\n\t\t\t\t<div class=\"elementor-element elementor-element-849fadb jltma-glass-effect-no elementor-widget elementor-widget-google_maps\" data-id=\"849fadb\" data-element_type=\"widget\" data-widget_type=\"google_maps.default\">\n\t\t\t\t<div class=\"elementor-widget-container\">\n\t\t\t\t\t\t\t<div class=\"elementor-custom-embed\">\n\t\t\t<iframe loading=\"lazy\"\n\t\t\t\t\tsrc=\"https:\/\/maps.google.com\/maps?q=PM2X%2B6V%20Oeiras&#038;t=m&#038;z=17&#038;output=embed&#038;iwloc=near\"\n\t\t\t\t\ttitle=\"PM2X+6V Oeiras\"\n\t\t\t\t\taria-label=\"PM2X+6V Oeiras\"\n\t\t\t><\/iframe>\n\t\t<\/div>\n\t\t\t\t\t\t<\/div>\n\t\t\t\t<\/div>\n\t\t\t\t<div class=\"elementor-element elementor-element-af65492 elementor-align-right jltma-glass-effect-no elementor-widget elementor-widget-button\" data-id=\"af65492\" data-element_type=\"widget\" data-widget_type=\"button.default\">\n\t\t\t\t<div class=\"elementor-widget-container\">\n\t\t\t\t\t\t\t\t\t<div class=\"elementor-button-wrapper\">\n\t\t\t\t\t<a class=\"elementor-button elementor-button-link elementor-size-sm\" href=\"https:\/\/earth.google.com\/web\/data=Mj8KPQo7CiExNG5LOWk0OEFQd2NXVWx0RDIzLWdjblRSUEx0ZTdlWFkSFgoUMEZGOTk1MDc4QTE0NkVBQkZDRjk\" target=\"_blank\">\n\t\t\t\t\t\t<span class=\"elementor-button-content-wrapper\">\n\t\t\t\t\t\t\t\t\t<span class=\"elementor-button-text\">Visita Virtual<\/span>\n\t\t\t\t\t<\/span>\n\t\t\t\t\t<\/a>\n\t\t\t\t<\/div>\n\t\t\t\t\t\t\t\t<\/div>\n\t\t\t\t<\/div>\n\t\t\t\t\t<\/div>\n\t\t<\/div>\n\t\t\t\t\t<\/div>\n\t\t<\/section>\n\t\t\t\t\t<\/div>\n\t\t<\/div>\n\t\t\t\t\t<\/div>\n\t\t<\/section>\n\t\t\t\t<section class=\"elementor-section elementor-top-section elementor-element elementor-element-69664ef0 elementor-section-boxed elementor-section-height-default elementor-section-height-default jltma-glass-effect-no\" data-id=\"69664ef0\" data-element_type=\"section\">\n\t\t\t\t\t\t<div class=\"elementor-container elementor-column-gap-default\">\n\t\t\t\t\t<div class=\"elementor-column elementor-col-50 elementor-top-column elementor-element elementor-element-7a68f4b3 jltma-glass-effect-no\" data-id=\"7a68f4b3\" data-element_type=\"column\">\n\t\t\t<div class=\"elementor-widget-wrap\">\n\t\t\t\t\t\t\t<\/div>\n\t\t<\/div>\n\t\t\t\t<div class=\"elementor-column elementor-col-50 elementor-top-column elementor-element elementor-element-7a774b61 jltma-glass-effect-no\" data-id=\"7a774b61\" data-element_type=\"column\">\n\t\t\t<div class=\"elementor-widget-wrap\">\n\t\t\t\t\t\t\t<\/div>\n\t\t<\/div>\n\t\t\t\t\t<\/div>\n\t\t<\/section>\n\t\t\t\t<\/div>\n\t\t","protected":false},"excerpt":{"rendered":"<p>Escultor J\u00falio C\u00e9sar Gon\u00e7alves Quaresma, \u00e9 um arquiteto, artista pl\u00e1stico e cr\u00edtico de arte, tendo frequentado no Ar.Co o curso de Desenho e Pintura. \u00c9 licenciado em Arquitetura e em Cenografia. Em 93, na Faculdade de Arquitetura da Universidade T\u00e9cnica de Lisboa concluiu, com distin\u00e7\u00e3o, o mestrado em Tecnologia da Arquitetura e Qualidade Ambiental. 1958&hellip;&nbsp;<a href=\"https:\/\/palavras27.oeiras.pt\/?page_id=8142\" rel=\"bookmark\">Ler mais &raquo;<span class=\"screen-reader-text\">J\u00falio Quaresma<\/span><\/a><\/p>\n","protected":false},"author":4,"featured_media":12023,"parent":1221,"menu_order":0,"comment_status":"closed","ping_status":"closed","template":"","meta":{"_monsterinsights_skip_tracking":false,"_monsterinsights_sitenote_active":false,"_monsterinsights_sitenote_note":"","_monsterinsights_sitenote_category":0,"neve_meta_sidebar":"full-width","neve_meta_container":"","neve_meta_enable_content_width":"on","neve_meta_content_width":100,"neve_meta_title_alignment":"","neve_meta_author_avatar":"","neve_post_elements_order":"","neve_meta_disable_header":"","neve_meta_disable_footer":"","neve_meta_disable_title":"","footnotes":""},"class_list":["post-8142","page","type-page","status-publish","has-post-thumbnail","hentry"],"aioseo_notices":[],"_links":{"self":[{"href":"https:\/\/palavras27.oeiras.pt\/index.php?rest_route=\/wp\/v2\/pages\/8142","targetHints":{"allow":["GET"]}}],"collection":[{"href":"https:\/\/palavras27.oeiras.pt\/index.php?rest_route=\/wp\/v2\/pages"}],"about":[{"href":"https:\/\/palavras27.oeiras.pt\/index.php?rest_route=\/wp\/v2\/types\/page"}],"author":[{"embeddable":true,"href":"https:\/\/palavras27.oeiras.pt\/index.php?rest_route=\/wp\/v2\/users\/4"}],"replies":[{"embeddable":true,"href":"https:\/\/palavras27.oeiras.pt\/index.php?rest_route=%2Fwp%2Fv2%2Fcomments&post=8142"}],"version-history":[{"count":54,"href":"https:\/\/palavras27.oeiras.pt\/index.php?rest_route=\/wp\/v2\/pages\/8142\/revisions"}],"predecessor-version":[{"id":18117,"href":"https:\/\/palavras27.oeiras.pt\/index.php?rest_route=\/wp\/v2\/pages\/8142\/revisions\/18117"}],"up":[{"embeddable":true,"href":"https:\/\/palavras27.oeiras.pt\/index.php?rest_route=\/wp\/v2\/pages\/1221"}],"wp:featuredmedia":[{"embeddable":true,"href":"https:\/\/palavras27.oeiras.pt\/index.php?rest_route=\/wp\/v2\/media\/12023"}],"wp:attachment":[{"href":"https:\/\/palavras27.oeiras.pt\/index.php?rest_route=%2Fwp%2Fv2%2Fmedia&parent=8142"}],"curies":[{"name":"wp","href":"https:\/\/api.w.org\/{rel}","templated":true}]}}